{"id":15964,"date":"2026-04-20T03:10:51","date_gmt":"2026-04-20T00:10:51","guid":{"rendered":"https:\/\/kasskoer.ee\/product\/brit-premium-by-nature-adult-s-koeratoit-3-kg-2\/"},"modified":"2026-04-20T03:10:52","modified_gmt":"2026-04-20T00:10:52","slug":"brit-premium-by-nature-adult-s-koeratoit-3-kg","status":"publish","type":"product","link":"https:\/\/kasskoer.ee\/en\/toode\/brit-premium-by-nature-adult-s-koeratoit-3-kg\/","title":{"rendered":"Brit Premium by Nature Adult S koeratoit 3 kg"},"content":{"rendered":"<p><strong>Brit Premium by Nature t\u00e4istoit v\u00e4ikest t\u00f5ugu (1-10kg) t\u00e4iskasvanud koertele kanalihaga.<\/strong><\/p>\n<ul>\n<li>Omega 3 rasvhapped tagavad l\u00e4ikiva ja pehme karvkatte ning terve naha.<\/li>\n<li>Prebiootikumid (mannoos ja fruktooligosahhariidid) ja looduslikud antioks\u00fcdandid parandavad koerte immuunsust.<\/li>\n<li>Eluj\u00f5ulisus&nbsp;on tagatud piisava hulga vitamiinide ja mikroelementidega.<\/li>\n<li>Kergesti seeditavad valgud ja rasvad tagavad suurep\u00e4rase seedimise.<\/li>\n<li>Toidus sisalduvad kuivatatud \u00f5unad on v\u00e4ga kergeks kiudaine allikaks, mis s\u00e4ilitab seedetrakti mikrofloora.<\/li>\n<li>Ravimtaimede ja puuviljaekstraktide&nbsp;efekt tervisele ja v\u00e4limusele: aitab paremini imenduda E-vitamiinil, kaitseb keha vabade radikaalide eest, parandab toidu maitset ja s\u00f6\u00f6giisu, aitab paremini imenduda rasvhapetel toidust, parandades seel\u00e4bi naha ja liigeste tervist.<\/li>\n<\/ul>\n<p> <strong>Koostis<\/strong><br \/> Kana 50 % (deh\u00fcdreeritud 30 %, konditustatud 20%), kaer, nisu, kanarasv (konserveeritud tokoferoolide seguga), mais, kuivatatud \u00f5un, l\u00f5he\u00f5li (2%), h\u00fcdrol\u00fc\u00fcsitud kanamaks, \u00f5llep\u00e4rm, kollageen, koorikloomade kestad (gl\u00fckosamiini allikas, 210 mg\/kg), k\u00f5hred (kondroitiini allikas, 150 mg\/kg), maitsetaimed ja puuviljad (nelk, tsitrusviljad, rosmariin, kurkum, 120 mg\/kg), mannanoligosahhariidid (120 mg\/kg), fruktooligosahhariidid (90 mg\/kg), t\u00e4\u00e4kliilia (90 mg\/kg), kuivatatud kummel (80 mg\/kg), roheline rannakarp (gl\u00fckosamiingl\u00fckaanide allikas, 50 mg\/kg), kuivatatud mustikad (50 mg\/kg).<\/p>\n<p> <strong>Anal\u00fc\u00fctiline koostis<\/strong><br \/> Toorvalk 28,0%, rasvasisaldus 16,0%, niiskus 10,0%, toortuhk 7,2%, toorkiud 2,5%, kaltsium 1,5%, fosfor 1,1%, oomega-3 0,2%, oomega-6 1,85%.<\/p>\n<p> <strong>Toitainelised lisandid<\/strong><br \/> A-vitamiin (3a672a) 15 000 R\u00dc, D3-vitamiin (E671) 1 000 R\u00dc, E-vitamiin (\u03b1-tokoferool) (3a700) 400 mg, biotiin (3a880) 0,5 mg, koliinkloriid (3a890) 500 mg, aminohapete h\u00fcdraadi tsinkkelaat (3b606) 70 mg, aminohapete h\u00fcdraadi raudkelaat (E1) 60 mg, aminohapete h\u00fcdraadi mangaankelaat (E5) 30 mg, kaaliumjodiid (3b201) 0,5 mg, aminohapete h\u00fcdraadi vaskkelaat (E4) 12 mg, Saccharomyces cerevisiae CNCM I-3060 toodetud orgaaniline seleen (3b8.10) 0,2 mg. Sisaldab ELi poolt heakskiidetud antioks\u00fcdante: taime\u00f5lidest saadud tokoferooliekstraktid (1b306), askorb\u00fc\u00fclpalmitaat (1b304) ja rosmariiniekstrakt.<\/p>\n<p> <strong>Metaboliseeruv energia<\/strong><br \/> 3 820 kcal\/kg<\/p>\n<p> <strong>Toitmisjuhend&nbsp;<\/strong><\/p>\n<p>Anda loomale vastavalt tabelis soovitatud kogusele. V\u00e4rske vesi peab alati olema saadaval. P\u00e4rast kasutamist sulgege pakend kindlalt.<\/p>\n<p> <strong>Soovituslik p\u00e4evane kogus<\/strong>&nbsp;<\/p>\n<figure class=\"table\">\n<table>\n<tbody>\n<tr>\n<th rowspan=\"2\">&nbsp;<\/th>\n<th colspan=\"12\"><strong>T\u00e4iskasvanud koera kehakaal (kg)<\/strong><\/th>\n<\/tr>\n<tr>\n<th><strong>1<\/strong><\/th>\n<th><strong>2<\/strong><\/th>\n<th><strong>4<\/strong><\/th>\n<th><strong>5<\/strong><\/th>\n<th>&nbsp;<\/th>\n<th>&nbsp;<\/th>\n<th>&nbsp;<\/th>\n<th>&nbsp;<\/th>\n<th>&nbsp;<\/th>\n<th>&nbsp;<\/th>\n<th>&nbsp;<\/th>\n<th>&nbsp;<\/th>\n<\/tr>\n<tr>\n<th rowspan=\"1\"><strong>P\u00e4evane annus (g)<\/strong><\/th>\n<th>30<\/th>\n<th>40<\/th>\n<th>55<\/th>\n<th>70<\/th>\n<th>&nbsp;<\/th>\n<th>&nbsp;<\/th>\n<th>&nbsp;<\/th>\n<th>&nbsp;<\/th>\n<th>&nbsp;<\/th>\n<th>&nbsp;<\/th>\n<th>&nbsp;<\/th>\n<th>&nbsp;<\/th>\n<\/tr>\n<\/tbody>\n<\/table>\n<\/figure>\n","protected":false},"excerpt":{"rendered":"<p>Brit Premium T\u00e4istoit v\u00e4ikest t\u00f5ugu (1-10kg) t\u00e4iskasvanud koertele kanalihaga.<\/p>\n","protected":false},"featured_media":5963,"template":"","meta":[],"product_cat":[688,64],"product_tag":[],"class_list":{"0":"post-15964","1":"product","2":"type-product","3":"status-publish","4":"has-post-thumbnail","6":"product_cat-koerad","7":"product_cat-koeratoit","8":"pa_brand-brit-premium","9":"pa_ean-638","10":"pa_kaal-3-000","11":"pa_tootjariik-tsehhi","13":"first","14":"instock","15":"taxable","16":"shipping-taxable","17":"purchasable","18":"product-type-simple"},"_links":{"self":[{"href":"https:\/\/kasskoer.ee\/en\/wp-json\/wp\/v2\/product\/15964","targetHints":{"allow":["GET"]}}],"collection":[{"href":"https:\/\/kasskoer.ee\/en\/wp-json\/wp\/v2\/product"}],"about":[{"href":"https:\/\/kasskoer.ee\/en\/wp-json\/wp\/v2\/types\/product"}],"wp:featuredmedia":[{"embeddable":true,"href":"https:\/\/kasskoer.ee\/en\/wp-json\/wp\/v2\/media\/5963"}],"wp:attachment":[{"href":"https:\/\/kasskoer.ee\/en\/wp-json\/wp\/v2\/media?parent=15964"}],"wp:term":[{"taxonomy":"product_cat","embeddable":true,"href":"https:\/\/kasskoer.ee\/en\/wp-json\/wp\/v2\/product_cat?post=15964"},{"taxonomy":"product_tag","embeddable":true,"href":"https:\/\/kasskoer.ee\/en\/wp-json\/wp\/v2\/product_tag?post=15964"}],"curies":[{"name":"wp","href":"https:\/\/api.w.org\/{rel}","templated":true}]}}