{"id":15965,"date":"2026-04-20T03:10:51","date_gmt":"2026-04-20T00:10:51","guid":{"rendered":"https:\/\/kasskoer.ee\/product\/sisicat-silikageelist-kassiliiv-76l-2\/"},"modified":"2026-04-20T03:10:52","modified_gmt":"2026-04-20T00:10:52","slug":"sisicat-silikageelist-kassiliiv-76l","status":"publish","type":"product","link":"https:\/\/kasskoer.ee\/en\/toode\/sisicat-silikageelist-kassiliiv-76l\/","title":{"rendered":"SiSiCat silikageelist kassiliiv 7,6L"},"content":{"rendered":"<p><span style=\"color: rgb(0, 0, 0);\">SiSiCat\u00ae silikageel on loodud loodusliku r\u00e4ni baasil, mille kristallidel on ainulaadne imav omadus.&nbsp;<\/span> <\/p>\n<ul>\n<li><span style=\"color: rgb(0, 0, 0);\"><strong>Kiire vedeliku imendumine ja l\u00f5hna k\u00f5rvaldamine&nbsp;<\/strong>&#8211; teie lemmiku k\u00e4pad on alati kuivad ja puhtad. K\u00f5ik ebameeldivad l\u00f5hnad neutraliseeritakse.<\/span><\/li>\n<li><span style=\"color: rgb(0, 0, 0);\"><strong>Kasutamisel \u00f6konoomne<\/strong>&nbsp;&#8211;&nbsp;see kassiliiv kestab kaua, kuna see j\u00e4\u00e4b teraline ega lahustu vees. Aja jooksul muutub kollakaks, mis on heaks indikaatoriks, et on aeg vahetuseks.<\/span><\/li>\n<li><span style=\"color: rgb(0, 0, 0);\"><strong>Keskkonnas\u00f5bralik<\/strong>&nbsp;&#8211; ohutu allaneelamisel!<\/span><\/li>\n<li><span style=\"color: rgb(0, 0, 0);\"><strong>Liivakasti puhtana ja v\u00e4rskena hoidmine&nbsp;<\/strong>&#8211; maksimaalselt tolmuvaba ja l\u00f5hnavaba kassiliivakast.<\/span><\/li>\n<li><span style=\"color: rgb(0, 0, 0);\"><strong>Ohutu kassik\u00e4ppadele&nbsp;<\/strong>&#8211; kristallid ei vigasta ega torgi kassi k\u00e4ppasid.<\/span><\/li>\n<\/ul>\n<p> <strong style=\"caret-color: rgb(0, 0, 0); color: rgb(0, 0, 0);\">Koostis<\/strong><br style=\"caret-color: rgb(0, 0, 0); color: rgb(0, 0, 0);\" \/> <span style=\"caret-color: rgb(0, 0, 0); color: rgb(0, 0, 0);\">Silikageel kristallidena<\/span><\/p>\n","protected":false},"excerpt":{"rendered":"<p>SiSiCat silikageelist l\u00f5hnatu kassiliiv.<\/p>\n","protected":false},"featured_media":5966,"template":"","meta":[],"product_cat":[689,565],"product_tag":[],"class_list":{"0":"post-15965","1":"product","2":"type-product","3":"status-publish","4":"has-post-thumbnail","6":"product_cat-kassid","7":"product_cat-kassiliivad","8":"pa_brand-sisicat","9":"pa_ean-619","10":"pa_kaal-3-200","11":"pa_tootjariik-hiina","13":"first","14":"instock","15":"taxable","16":"shipping-taxable","17":"purchasable","18":"product-type-simple"},"_links":{"self":[{"href":"https:\/\/kasskoer.ee\/en\/wp-json\/wp\/v2\/product\/15965","targetHints":{"allow":["GET"]}}],"collection":[{"href":"https:\/\/kasskoer.ee\/en\/wp-json\/wp\/v2\/product"}],"about":[{"href":"https:\/\/kasskoer.ee\/en\/wp-json\/wp\/v2\/types\/product"}],"wp:featuredmedia":[{"embeddable":true,"href":"https:\/\/kasskoer.ee\/en\/wp-json\/wp\/v2\/media\/5966"}],"wp:attachment":[{"href":"https:\/\/kasskoer.ee\/en\/wp-json\/wp\/v2\/media?parent=15965"}],"wp:term":[{"taxonomy":"product_cat","embeddable":true,"href":"https:\/\/kasskoer.ee\/en\/wp-json\/wp\/v2\/product_cat?post=15965"},{"taxonomy":"product_tag","embeddable":true,"href":"https:\/\/kasskoer.ee\/en\/wp-json\/wp\/v2\/product_tag?post=15965"}],"curies":[{"name":"wp","href":"https:\/\/api.w.org\/{rel}","templated":true}]}}