{"id":15967,"date":"2026-04-20T03:10:51","date_gmt":"2026-04-20T00:10:51","guid":{"rendered":"https:\/\/kasskoer.ee\/product\/sisicat-original-kassiliiv-53l-2\/"},"modified":"2026-04-20T03:10:52","modified_gmt":"2026-04-20T00:10:52","slug":"sisicat-original-kassiliiv-53l","status":"publish","type":"product","link":"https:\/\/kasskoer.ee\/en\/toode\/sisicat-original-kassiliiv-53l\/","title":{"rendered":"SiSiCat Original kassiliiv 5,3L"},"content":{"rendered":"<p><span style=\"color:#000000;\">SiSiCat\u00ae paakuv kassiliiv naturaalse sinise saviga. <\/span> <\/p>\n<ul>\n<li><span style=\"color:#000000;\"><strong>100% looduslik<\/strong> &#8211; valmistatud looduslikust savist ilma keemiliste lisanditeta. Saviterad imavad vedelikku h\u00e4sti ja moodustavad tugevaid klompe. <\/span><\/li>\n<li><span style=\"color:#000000;\"><strong>L\u00f5hna kontroll<\/strong> &#8211; neutraliseerib halvad l\u00f5hnad, et hoida kassiliivakast alati v\u00e4rskena. <\/span><\/li>\n<li><span style=\"color:#000000;\"><strong>Kasutamisel \u00f6konoomne<\/strong>&nbsp;&#8211; kassiliiva&nbsp;t\u00e4ielik asendamine ei ole vajalik, tugeva paakumise t\u00f5ttu on v\u00e4ga lihtne kolmbid eemaldada ning liiva lisada.<\/span><\/li>\n<li><span style=\"color:#000000;\"><strong>Bakterite t\u00f5rje&nbsp;<\/strong>&#8211;&nbsp;saviterad hoiavad kassiliivakasti mikroobidest ja bakteritest puhtana!<\/span><\/li>\n<\/ul>\n<p> <strong style=\"caret-color: rgb(0, 0, 0); color: rgb(0, 0, 0);\">Koostis<\/strong><br style=\"caret-color: rgb(0, 0, 0); color: rgb(0, 0, 0);\" \/> <span style=\"caret-color: rgb(0, 0, 0); color: rgb(0, 0, 0);\">Bentoniitsavide segu, sealhulgas sinine savi.<\/span><\/p>\n","protected":false},"excerpt":{"rendered":"<p>SiSiCat Original l\u00f5hnatu bentoniitsavide segust kassiliiv.<\/p>\n","protected":false},"featured_media":5969,"template":"","meta":[],"product_cat":[689,565],"product_tag":[],"class_list":{"0":"post-15967","1":"product","2":"type-product","3":"status-publish","4":"has-post-thumbnail","6":"product_cat-kassid","7":"product_cat-kassiliivad","8":"pa_brand-sisicat","9":"pa_ean-617","10":"pa_kaal-3-500","11":"pa_tootjariik-venemaa","13":"first","14":"instock","15":"taxable","16":"shipping-taxable","17":"purchasable","18":"product-type-simple"},"_links":{"self":[{"href":"https:\/\/kasskoer.ee\/en\/wp-json\/wp\/v2\/product\/15967","targetHints":{"allow":["GET"]}}],"collection":[{"href":"https:\/\/kasskoer.ee\/en\/wp-json\/wp\/v2\/product"}],"about":[{"href":"https:\/\/kasskoer.ee\/en\/wp-json\/wp\/v2\/types\/product"}],"wp:featuredmedia":[{"embeddable":true,"href":"https:\/\/kasskoer.ee\/en\/wp-json\/wp\/v2\/media\/5969"}],"wp:attachment":[{"href":"https:\/\/kasskoer.ee\/en\/wp-json\/wp\/v2\/media?parent=15967"}],"wp:term":[{"taxonomy":"product_cat","embeddable":true,"href":"https:\/\/kasskoer.ee\/en\/wp-json\/wp\/v2\/product_cat?post=15967"},{"taxonomy":"product_tag","embeddable":true,"href":"https:\/\/kasskoer.ee\/en\/wp-json\/wp\/v2\/product_tag?post=15967"}],"curies":[{"name":"wp","href":"https:\/\/api.w.org\/{rel}","templated":true}]}}