{"id":15968,"date":"2026-04-20T03:10:51","date_gmt":"2026-04-20T00:10:51","guid":{"rendered":"https:\/\/kasskoer.ee\/product\/pi-pi-bent-deluxe-fresh-grass-kassiliiv-5kg-2\/"},"modified":"2026-04-20T03:10:52","modified_gmt":"2026-04-20T00:10:52","slug":"pi-pi-bent-deluxe-fresh-grass-kassiliiv-5kg","status":"publish","type":"product","link":"https:\/\/kasskoer.ee\/en\/toode\/pi-pi-bent-deluxe-fresh-grass-kassiliiv-5kg\/","title":{"rendered":"Pi-Pi Bent Deluxe Fresh Grass kassiliiv 5kg"},"content":{"rendered":"<p><span style=\"color:#000000;\">Pi-Pi Bent Deluxe Fresh Grass superklassi bentoniidit\u00e4idis uue originaalse v\u00e4rske muru l\u00f5hnaga.&nbsp;Vedelikuga kokkupuutel ilmub v\u00e4rskelt niidetud muru puhas ja kerge l\u00f5hn ning koos graanulite spetsiaalsete imavate omadustega blokeerib ja k\u00f5rvaldab tekkinud ebameeldivad l\u00f5hnad.<\/span> <\/p>\n<ul>\n<li><span style=\"color:#000000;\"><strong>Eriti tugevad graanulid<\/strong>&nbsp;&#8211;&nbsp;Spetsiaalselt valitud optimaalne graanuli suurus tagab eriti tugeva ja stabiilse struktuuriga t\u00fckikeste moodustumise.<\/span><\/li>\n<li><span style=\"color:#000000;\"><strong>Kiire toime<\/strong>&nbsp;&#8211;&nbsp;Loodusliku bentoniidi ainulaadne struktuur tagab eriti kiire niiskuse imendumise.<\/span><\/li>\n<li><span style=\"color:#000000;\"><strong>Tolmuvaba<\/strong>&nbsp;&#8211;&nbsp;Eriline tehnoloogiline lahendus tagab tolmuvabaduse ja puhtuse.<\/span><\/li>\n<li><span style=\"color:#000000;\"><strong>Unusta ebameeldiv l\u00f5hn<\/strong>&nbsp;&#8211;&nbsp;Bentoniidi k\u00f5rgete imamisomaduste t\u00f5ttu k\u00f5rvaldavad graanulid t\u00f5husalt kasti ebameeldiva l\u00f5hna ja s\u00e4ilitavad teie kodus m\u00f5nusa&nbsp;ja puhta \u00f5hkkonna.<\/span><\/li>\n<li><span style=\"color:#000000;\"><strong>Omab \u00f6koloogilist sertifikaati.<\/strong><\/span><\/li>\n<\/ul>\n<p> <span style=\"color:#000000;\">Pi-Pi Bent Deluxe seeria liivad on valmistatud Siberist p\u00e4rit keskkonnas\u00f5bralikust bentoniitsavist. Lihtne ja \u00f6konoomne kasutada. Imab t\u00f5husalt niiskust, neutraliseerib ebameeldiva l\u00f5hna ja takistab bakterite kasvu. Spetsiaalselt valitud graanulid moodustavad tugevaid t\u00fckke, ei j\u00e4\u00e4 karvkatte k\u00fclge ja on ohutu kassik\u00e4ppadele. K\u00f5ik selle seeria t\u00e4iteained l\u00e4bivad desinfitseerimiseks k\u00f5rgtemperatuurilise t\u00f6\u00f6tlemise ning samuti t\u00e4iendava tolmutamisprotsessi graanulite puhastamiseks \u00fcleliigsest tolmust.<\/p>\n<p> <strong>Koostis<\/strong><br \/> Looduslik bentoniitsavi, silikageeli graanulid, parf\u00fc\u00fcm.<\/span><\/p>\n","protected":false},"excerpt":{"rendered":"<p>Pi-Pi-Bent Deluxe Super Premium v\u00e4rske muru l\u00f5hnaga kassiliiva graanulid.<\/p>\n","protected":false},"featured_media":5974,"template":"","meta":[],"product_cat":[689,565],"product_tag":[],"class_list":{"0":"post-15968","1":"product","2":"type-product","3":"status-publish","4":"has-post-thumbnail","6":"product_cat-kassid","7":"product_cat-kassiliivad","8":"pa_brand-pi-pi-bent","9":"pa_ean-598","10":"pa_kaal-5-000","11":"pa_tootjariik-venemaa","13":"first","14":"instock","15":"taxable","16":"shipping-taxable","17":"purchasable","18":"product-type-simple"},"_links":{"self":[{"href":"https:\/\/kasskoer.ee\/en\/wp-json\/wp\/v2\/product\/15968","targetHints":{"allow":["GET"]}}],"collection":[{"href":"https:\/\/kasskoer.ee\/en\/wp-json\/wp\/v2\/product"}],"about":[{"href":"https:\/\/kasskoer.ee\/en\/wp-json\/wp\/v2\/types\/product"}],"wp:featuredmedia":[{"embeddable":true,"href":"https:\/\/kasskoer.ee\/en\/wp-json\/wp\/v2\/media\/5974"}],"wp:attachment":[{"href":"https:\/\/kasskoer.ee\/en\/wp-json\/wp\/v2\/media?parent=15968"}],"wp:term":[{"taxonomy":"product_cat","embeddable":true,"href":"https:\/\/kasskoer.ee\/en\/wp-json\/wp\/v2\/product_cat?post=15968"},{"taxonomy":"product_tag","embeddable":true,"href":"https:\/\/kasskoer.ee\/en\/wp-json\/wp\/v2\/product_tag?post=15968"}],"curies":[{"name":"wp","href":"https:\/\/api.w.org\/{rel}","templated":true}]}}