{"id":15974,"date":"2026-04-20T03:10:51","date_gmt":"2026-04-20T00:10:51","guid":{"rendered":"https:\/\/kasskoer.ee\/product\/kotjara-meadow-grass-kassiliiv-10l-2\/"},"modified":"2026-04-20T03:10:53","modified_gmt":"2026-04-20T00:10:53","slug":"kotjara-meadow-grass-kassiliiv-10l","status":"publish","type":"product","link":"https:\/\/kasskoer.ee\/en\/toode\/kotjara-meadow-grass-kassiliiv-10l\/","title":{"rendered":"Kotjara Meadow Grass kassiliiv 10L"},"content":{"rendered":"<p><span style=\"color:#000000;\"><span style=\"caret-color: rgb(0, 0, 0);\">Kotjara p<\/span>aakuv kassiliiv on meeldiva heinamaa l\u00f5hnaga ja uue&nbsp;Natural Mineral koostisega. Tegemist on loodusliku keskkonnas\u00f5braliku koostisega, mis on kassidele meeldiv ja mugav.<\/p>\n<p> Spetsiaalselt valitud graanulite suurus, graanulid ei tee looma k\u00e4ppadele haiget ega kleepu karvkatte k\u00fclge.<\/p>\n<p> Uuenduslik&nbsp;Natural Mineral koostis p\u00f5hineb vulkaaniliste bentoniitsavide segul, v\u00f5itleb aktiivselt ebameeldivate l\u00f5hnade vastu. T\u00e4iteaine imab vedeliku koheselt, moodustades tugeva klombi.<\/p>\n<p> <strong style=\"caret-color: rgb(0, 0, 0); color: rgb(0, 0, 0);\">Koostis<\/strong><br style=\"caret-color: rgb(0, 0, 0); color: rgb(0, 0, 0);\" \/> <span style=\"caret-color: rgb(0, 0, 0);\">Looduslik bentoniitsavi, parf\u00fc\u00fcm.<\/span><br style=\"caret-color: rgb(0, 0, 0); color: rgb(0, 0, 0);\" \/> <br style=\"caret-color: rgb(0, 0, 0); color: rgb(0, 0, 0);\" \/> <span style=\"caret-color: rgb(0, 0, 0);\">Pakendi suurus 4,2kg (10l).<\/span><br \/> <span style=\"caret-color: rgb(0, 0, 0);\">\u00dchest pakendist j\u00e4tkub kuni 21 p\u00e4evaks!<\/span><\/span><\/p>\n","protected":false},"excerpt":{"rendered":"<p>Kotjara heinamaa l\u00f5hnaga bentoniidist kassiliiv.<\/p>\n","protected":false},"featured_media":5981,"template":"","meta":[],"product_cat":[689,565],"product_tag":[],"class_list":{"0":"post-15974","1":"product","2":"type-product","3":"status-publish","4":"has-post-thumbnail","6":"product_cat-kassid","7":"product_cat-kassiliivad","8":"pa_brand-kotjara","9":"pa_ean-611","10":"pa_kaal-4-200","11":"pa_tootjariik-venemaa","13":"first","14":"instock","15":"taxable","16":"shipping-taxable","17":"purchasable","18":"product-type-simple"},"_links":{"self":[{"href":"https:\/\/kasskoer.ee\/en\/wp-json\/wp\/v2\/product\/15974","targetHints":{"allow":["GET"]}}],"collection":[{"href":"https:\/\/kasskoer.ee\/en\/wp-json\/wp\/v2\/product"}],"about":[{"href":"https:\/\/kasskoer.ee\/en\/wp-json\/wp\/v2\/types\/product"}],"wp:featuredmedia":[{"embeddable":true,"href":"https:\/\/kasskoer.ee\/en\/wp-json\/wp\/v2\/media\/5981"}],"wp:attachment":[{"href":"https:\/\/kasskoer.ee\/en\/wp-json\/wp\/v2\/media?parent=15974"}],"wp:term":[{"taxonomy":"product_cat","embeddable":true,"href":"https:\/\/kasskoer.ee\/en\/wp-json\/wp\/v2\/product_cat?post=15974"},{"taxonomy":"product_tag","embeddable":true,"href":"https:\/\/kasskoer.ee\/en\/wp-json\/wp\/v2\/product_tag?post=15974"}],"curies":[{"name":"wp","href":"https:\/\/api.w.org\/{rel}","templated":true}]}}