{"id":15976,"date":"2026-04-20T03:10:51","date_gmt":"2026-04-20T00:10:51","guid":{"rendered":"https:\/\/kasskoer.ee\/product\/pi-pi-bent-sea-breeze-bentoniidist-kassiliiv-12l-2\/"},"modified":"2026-04-20T03:10:53","modified_gmt":"2026-04-20T00:10:53","slug":"pi-pi-bent-sea-breeze-bentoniidist-kassiliiv-5kg","status":"publish","type":"product","link":"https:\/\/kasskoer.ee\/en\/toode\/pi-pi-bent-sea-breeze-bentoniidist-kassiliiv-5kg\/","title":{"rendered":"Pi-Pi Bent Sea Breeze bentoniidist kassiliiv 5kg"},"content":{"rendered":"<p><span style=\"color:rgb(0,0,0);\">Pi-Pi Bent\u00ae Sea Breeze paakuv kassiliiv on valmistatud Siberist p\u00e4rit keskkonnas\u00f5bralikust bentoniitsavist. Lihtne ja \u00f6konoomne kasutada. Imab t\u00f5husalt niiskust, neutraliseerib ebameeldiva l\u00f5hna ja takistab bakterite kasvu. Spetsiaalselt valitud graanulid moodustavad tugevaid t\u00fckke ning ei j\u00e4\u00e4 karvkatte k\u00fclge.&nbsp;<\/span><br \/><span style=\"color:rgb(0,0,0);\">Toode on &#8220;Venemaa 100 parimat kaupa&#8221; v\u00f5istluse mitmekordne v\u00f5itja.<\/span><\/p>\n<p><span style=\"color:rgb(0,0,0);\"><strong>Koostis<\/strong><\/span><br \/><span style=\"color:rgb(0,0,0);\">Looduslik bentoniitsavi, silikageeli graanulid, parf\u00fc\u00fcm.<\/span><\/p>\n<p><span style=\"color:rgb(0,0,0);\">Pakendi suurus 5kg.<\/span><\/p>\n","protected":false},"excerpt":{"rendered":"<p>Pi-Pi Bent Sea Breeze v\u00e4rskendava meretuule l\u00f5hnaga kassiliiva graanulid bentoniitsavist.<\/p>\n","protected":false},"featured_media":5984,"template":"","meta":[],"product_cat":[689,565],"product_tag":[],"class_list":{"0":"post-15976","1":"product","2":"type-product","3":"status-publish","4":"has-post-thumbnail","6":"product_cat-kassid","7":"product_cat-kassiliivad","8":"pa_brand-pi-pi-bent","9":"pa_ean-600","10":"pa_kaal-5-000","11":"pa_tootjariik-venemaa","13":"first","14":"instock","15":"taxable","16":"shipping-taxable","17":"purchasable","18":"product-type-simple"},"_links":{"self":[{"href":"https:\/\/kasskoer.ee\/en\/wp-json\/wp\/v2\/product\/15976","targetHints":{"allow":["GET"]}}],"collection":[{"href":"https:\/\/kasskoer.ee\/en\/wp-json\/wp\/v2\/product"}],"about":[{"href":"https:\/\/kasskoer.ee\/en\/wp-json\/wp\/v2\/types\/product"}],"wp:featuredmedia":[{"embeddable":true,"href":"https:\/\/kasskoer.ee\/en\/wp-json\/wp\/v2\/media\/5984"}],"wp:attachment":[{"href":"https:\/\/kasskoer.ee\/en\/wp-json\/wp\/v2\/media?parent=15976"}],"wp:term":[{"taxonomy":"product_cat","embeddable":true,"href":"https:\/\/kasskoer.ee\/en\/wp-json\/wp\/v2\/product_cat?post=15976"},{"taxonomy":"product_tag","embeddable":true,"href":"https:\/\/kasskoer.ee\/en\/wp-json\/wp\/v2\/product_tag?post=15976"}],"curies":[{"name":"wp","href":"https:\/\/api.w.org\/{rel}","templated":true}]}}