{"id":16006,"date":"2026-04-20T03:10:54","date_gmt":"2026-04-20T00:10:54","guid":{"rendered":"https:\/\/kasskoer.ee\/product\/brit-premium-by-nature-trout-with-liver-konserv-kassidele-200g-2\/"},"modified":"2026-04-20T03:10:55","modified_gmt":"2026-04-20T00:10:55","slug":"brit-premium-by-nature-trout-with-liver-konserv-kassidele-200g","status":"publish","type":"product","link":"https:\/\/kasskoer.ee\/en\/toode\/brit-premium-by-nature-trout-with-liver-konserv-kassidele-200g\/","title":{"rendered":"Brit Premium by Nature Trout with Liver konserv kassidele 200g"},"content":{"rendered":"<p>Kassid on loomult lihas\u00f6\u00f6jad ning vajavad mitmekesist toitu. H\u00f5rgutav, l\u00f5hnav ja kergesti seeditav delikatess v\u00f5i t\u00e4iendus graanulitele aitab saada vedelikku ning r\u00f5\u00f5mustab k\u00f5iki kasse.<br \/> T\u00e4iss\u00f6\u00f6t t\u00e4iskasvanud kassidele.&nbsp;<\/p>\n<ul>\n<li>Ei&nbsp;ole lisatud&nbsp;suhkrut.<\/li>\n<li>Ei sisalda toiduv\u00e4rve ega s\u00e4ilitusaineid.<\/li>\n<li>Ei sisalda&nbsp;gluteeni.<\/li>\n<li>Sisaldab olulisi vitamiine&nbsp;ja tauriini.<\/li>\n<\/ul>\n<p><strong>Koostis<\/strong><br \/> 26% forelli, 20% maksa, 15% kanas\u00fcdameid, 2% hernejahu, 1% lignotselluloosi.<\/p>\n<p> <strong>Anal\u00fc\u00fctilised koostisosad<\/strong><br \/> Toorvalk 12%, toorrasv 3,5%, toortuhk 1,5%, niiskus 78%, toorkiud 0,5%, kaltsium 0,4%, fosfor 0,3%, naatrium 0,25%.<\/p>\n<p> <strong>Toidulisandid 1 kg kohta<\/strong><br \/> Vitamiin D3(3a671) 200 IU, E-vitamiin (3a700) 100 mg, biotiin (3a880) 0,3 mg, tsink (3b606) 8 mg, raud (3b106) 6 mg, mangaan (3b504) 1,5 mg, kaaliumjodiid (3b201) 0,4 mg, vask (3b406) 0,3 mg, tauriin (3a370) 500 mg.<\/p>\n<p> <strong>Metaboliseeruv energia<\/strong><br \/> 942 kcal\/kg<\/p>\n<p><strong>Tehnoloogilised lisaained 1 kg-s<\/strong><\/p>\n<p style=\"margin-left:0px;\">Jaanileivapuujahu (E410) 5\u202f000 mg&nbsp;<\/p>\n<p style=\"margin-left:0px;\"><strong>Toitmisjuhend<\/strong><\/p>\n<figure class=\"table\">\n<table>\n<thead>\n<tr>\n<th rowspan=\"1\"><strong>Kassi kaal (kg)<\/strong><\/th>\n<th><strong>2-3<\/strong><\/th>\n<th><strong>4-5<\/strong><\/th>\n<th><strong>6-7<\/strong><\/th>\n<\/tr>\n<\/thead>\n<tbody>\n<tr>\n<th rowspan=\"1\"><strong>P\u00e4evane kogus (g)<\/strong><\/th>\n<td>130 \u2013 170<\/td>\n<td>210 \u2013 250<\/td>\n<td>270 \u2013 300<\/td>\n<\/tr>\n<\/tbody>\n<\/table>\n<\/figure>\n","protected":false},"excerpt":{"rendered":"<p>Brit Premium konserv forell ja maks pasteedis t\u00e4iskasvanud kassidele.<\/p>\n","protected":false},"featured_media":6014,"template":"","meta":[],"product_cat":[689,33],"product_tag":[],"class_list":{"0":"post-16006","1":"product","2":"type-product","3":"status-publish","4":"has-post-thumbnail","6":"product_cat-kassid","7":"product_cat-konservid-kassidele","8":"pa_brand-brit-premium","9":"pa_ean-570","10":"pa_kaal-0-200","11":"pa_tootjariik-tsehhi","13":"first","14":"instock","15":"taxable","16":"shipping-taxable","17":"purchasable","18":"product-type-simple"},"_links":{"self":[{"href":"https:\/\/kasskoer.ee\/en\/wp-json\/wp\/v2\/product\/16006","targetHints":{"allow":["GET"]}}],"collection":[{"href":"https:\/\/kasskoer.ee\/en\/wp-json\/wp\/v2\/product"}],"about":[{"href":"https:\/\/kasskoer.ee\/en\/wp-json\/wp\/v2\/types\/product"}],"wp:featuredmedia":[{"embeddable":true,"href":"https:\/\/kasskoer.ee\/en\/wp-json\/wp\/v2\/media\/6014"}],"wp:attachment":[{"href":"https:\/\/kasskoer.ee\/en\/wp-json\/wp\/v2\/media?parent=16006"}],"wp:term":[{"taxonomy":"product_cat","embeddable":true,"href":"https:\/\/kasskoer.ee\/en\/wp-json\/wp\/v2\/product_cat?post=16006"},{"taxonomy":"product_tag","embeddable":true,"href":"https:\/\/kasskoer.ee\/en\/wp-json\/wp\/v2\/product_tag?post=16006"}],"curies":[{"name":"wp","href":"https:\/\/api.w.org\/{rel}","templated":true}]}}