{"id":16010,"date":"2026-04-20T03:10:54","date_gmt":"2026-04-20T00:10:54","guid":{"rendered":"https:\/\/kasskoer.ee\/product\/profine-turkey-vegetables-salami-vorst-koertele-800g-2\/"},"modified":"2026-04-20T03:10:55","modified_gmt":"2026-04-20T00:10:55","slug":"profine-turkey-vegetables-salami-vorst-koertele-800g","status":"publish","type":"product","link":"https:\/\/kasskoer.ee\/en\/toode\/profine-turkey-vegetables-salami-vorst-koertele-800g\/","title":{"rendered":"Profine Turkey &#038; Vegetables Salami vorst koertele 800g"},"content":{"rendered":"<p><strong>Suure liha sisalduse ja imelise maitsega vorst on suurep\u00e4rane t\u00e4iendus sinu lemmiku toidulauale.<br \/> Profine koeravorst sisaldab ka l\u00f5he\u00f5li, mis aitab naha ja karva ilusa ning tervena hoida.<\/strong><\/p>\n<p> <strong>Koostis<\/strong><br \/> 90% kalkuniliha ja elundeid, 4% k\u00f6\u00f6givilju (porgandid, rohelised herned), 3% merekompleksi (l\u00f5he\u00f5li, merevetikad), puljongit, mineraale, 0,1% kuivatatud \u00fcrte (siguri juur, basiilik, salvei).<br \/> &nbsp; <\/p>\n<div><strong>Anal\u00fc\u00fctilised koostisosad<\/strong><\/div>\n<p> Toorvalk 9,0%, toorrasv 11,0%, toortuhk 2,0%, niiskus 70%, toorkiud 2,0%, kaltsium 0,1%, fosfor 0,2%, naatrium 0,4%.<\/p>\n<p> <strong>Toidukoostis<\/strong><br \/> Vitamiin D3 (E671) 250 mg, E-vitamiin (3a700) 150 mg, biotiin (3a880) 0,3 mg, tsink (3b606) 15 mg, raud (E1) 12 mg, mangaan (E5) 2,5 mg, kaaliumjodiid (3b201) 0,8 mg, vask (E4) 1 mg.<\/p>\n<p> <strong>Metaboliseeruv energia<\/strong><br \/> 1 550 kcal \/ kg<\/p>\n<p> Hoida jahedas ja kuivas kohas. P\u00e4rast avamist hoida k\u00fclmkapis ja kasutada 3 p\u00e4eva jooksul.<\/p>\n","protected":false},"excerpt":{"rendered":"<p>Profine koeravorst kalkuni ja k\u00f6\u00f6giviljadega.<\/p>\n","protected":false},"featured_media":6019,"template":"","meta":[],"product_cat":[688,106],"product_tag":[],"class_list":{"0":"post-16010","1":"product","2":"type-product","3":"status-publish","4":"has-post-thumbnail","6":"product_cat-koerad","7":"product_cat-konservid-koertele","8":"pa_brand-profine","9":"pa_ean-588","10":"pa_kaal-0-800","11":"pa_tootjariik-tsehhi","13":"first","14":"outofstock","15":"taxable","16":"shipping-taxable","17":"purchasable","18":"product-type-simple"},"_links":{"self":[{"href":"https:\/\/kasskoer.ee\/en\/wp-json\/wp\/v2\/product\/16010","targetHints":{"allow":["GET"]}}],"collection":[{"href":"https:\/\/kasskoer.ee\/en\/wp-json\/wp\/v2\/product"}],"about":[{"href":"https:\/\/kasskoer.ee\/en\/wp-json\/wp\/v2\/types\/product"}],"wp:featuredmedia":[{"embeddable":true,"href":"https:\/\/kasskoer.ee\/en\/wp-json\/wp\/v2\/media\/6019"}],"wp:attachment":[{"href":"https:\/\/kasskoer.ee\/en\/wp-json\/wp\/v2\/media?parent=16010"}],"wp:term":[{"taxonomy":"product_cat","embeddable":true,"href":"https:\/\/kasskoer.ee\/en\/wp-json\/wp\/v2\/product_cat?post=16010"},{"taxonomy":"product_tag","embeddable":true,"href":"https:\/\/kasskoer.ee\/en\/wp-json\/wp\/v2\/product_tag?post=16010"}],"curies":[{"name":"wp","href":"https:\/\/api.w.org\/{rel}","templated":true}]}}