{"id":16012,"date":"2026-04-20T03:10:54","date_gmt":"2026-04-20T00:10:54","guid":{"rendered":"https:\/\/kasskoer.ee\/product\/carnilove-true-fresh-turkey-koeratoit-4-kg-2\/"},"modified":"2026-04-20T03:10:55","modified_gmt":"2026-04-20T00:10:55","slug":"carnilove-true-fresh-turkey-koeratoit-4-kg","status":"publish","type":"product","link":"https:\/\/kasskoer.ee\/en\/toode\/carnilove-true-fresh-turkey-koeratoit-4-kg\/","title":{"rendered":"Carnilove True Fresh Turkey koeratoit 4 kg"},"content":{"rendered":"<ul>\n<li>60% v\u00e4rsket liha \u2013 valmistatud vahetult ja ainult v\u00e4rskest lihast<\/li>\n<li>1 kg toodet on valmistatud 600 g v\u00e4rskest kalkunist.<\/li>\n<li>Lisatud punased l\u00e4\u00e4tsed on suurep\u00e4rane mineraal- ja kiudainete allikas.<\/li>\n<li>Lemmel annab asendamatuid oomega-3 rasvhappeid, see on hea valguallikas ja toimib p\u00f5letikuvastaselt.<\/li>\n<\/ul>\n<p> <strong>Koostis<\/strong><br \/> V\u00e4rske kalkun (60%), hernes, kanarasv (s\u00e4ilitusaine tokoferoolid), kikerhernes, kuivatatud \u00f5unad, punane l\u00e4\u00e4ts (4%), k\u00f5rvits, looduslik l\u00f5hna- ja maitseaine, l\u00f5he\u00f5li (2%), porgand, kuivatatud munakoored, lemmelivalk (0,5%), spirulina (0,3%), kuivatatud astelpalju (0,2%), kuivatatud ingverijuur (0,1%), kuivatatud mustikad (0,1%), kuivatatud rosmariin (0,1%), kuivatatud pohlad (0,1%), kuivatatud t\u00fc\u00fcmian (0,1%), gl\u00fckosamiin (0,026%), rohekarp (0,025%), kondroitiinsulfaat (0,016%), \u00f5llep\u00e4rm (mannanoligosahhariidide allikas, 0,015%), sigurijuur (fruktooligosahhariidide allikas, 0,01%), t\u00e4\u00e4kliilia (0,01%).<\/p>\n<p> <strong>Toiteained<\/strong><br \/> A-vitamiin (3a672a) 20000 R\u00dc, D3-vitamiin (3a671) 1500 R\u00dc, E-vitamiin (3a700) 400 mg, C-vitamiin (3a312) 250 mg, tauriin (3a370) 1500 mg, L-karnitiin (3a310) 50 mg, koliinkloriid (3a890) 1800 mg, niatsiinamiid (3a315) 20 mg, biotiin (3a880) 0,5 mg, tsink (3b606) 80 mg, raud (3b106) 60 mg, mangaan (3b504) 35 mg, jood (3b201) 0,65 mg, vask (3b406) 15 mg, seleen (3b810) 0,2 mg. Sisaldab looduslikke antioks\u00fcdante: taime\u00f5lidest saadud tokoferooliekstrakte (1b306), askorb\u00fc\u00fclpalmitaati (1b304) ja rosmariiniekstrakti.<\/p>\n<p> <strong>Anal\u00fc\u00fctiline koostis<\/strong><br \/> Toorvalk 26,0%, toorrasv 18%, niiskus 10,0%, toortuhk 9,5%, toorkiud 4,0%, kaltsium 1,3%, fosfor 0,9%, naatrium 0,3%, oomega-3 0,25%, oomega-6 1,7%, EPA (20 : 5 n-3) 0,1%, DHA (22 : 6 n-3) 0,15%.<\/p>\n<p> <strong>Metaboliseeruv energia<\/strong><br \/> 3,720 kcal\/kg<\/p>\n","protected":false},"excerpt":{"rendered":"<p>Teravilja- ja kartulivaba t\u00e4iss\u00f6\u00f6t v\u00e4rske kalkuniga igat t\u00f5ugu t\u00e4iskasvanud koertele.<\/p>\n","protected":false},"featured_media":6022,"template":"","meta":[],"product_cat":[688,64],"product_tag":[],"class_list":{"0":"post-16012","1":"product","2":"type-product","3":"status-publish","4":"has-post-thumbnail","6":"product_cat-koerad","7":"product_cat-koeratoit","8":"pa_brand-carnilove","9":"pa_ean-576","10":"pa_kaal-4-000","11":"pa_tootjariik-tsehhi","13":"first","14":"instock","15":"taxable","16":"shipping-taxable","17":"purchasable","18":"product-type-simple"},"_links":{"self":[{"href":"https:\/\/kasskoer.ee\/en\/wp-json\/wp\/v2\/product\/16012","targetHints":{"allow":["GET"]}}],"collection":[{"href":"https:\/\/kasskoer.ee\/en\/wp-json\/wp\/v2\/product"}],"about":[{"href":"https:\/\/kasskoer.ee\/en\/wp-json\/wp\/v2\/types\/product"}],"wp:featuredmedia":[{"embeddable":true,"href":"https:\/\/kasskoer.ee\/en\/wp-json\/wp\/v2\/media\/6022"}],"wp:attachment":[{"href":"https:\/\/kasskoer.ee\/en\/wp-json\/wp\/v2\/media?parent=16012"}],"wp:term":[{"taxonomy":"product_cat","embeddable":true,"href":"https:\/\/kasskoer.ee\/en\/wp-json\/wp\/v2\/product_cat?post=16012"},{"taxonomy":"product_tag","embeddable":true,"href":"https:\/\/kasskoer.ee\/en\/wp-json\/wp\/v2\/product_tag?post=16012"}],"curies":[{"name":"wp","href":"https:\/\/api.w.org\/{rel}","templated":true}]}}