{"id":16017,"date":"2026-04-20T03:10:54","date_gmt":"2026-04-20T00:10:54","guid":{"rendered":"https:\/\/kasskoer.ee\/product\/carnilove-true-fresh-beef-koeratoit-11-4kg-2\/"},"modified":"2026-04-20T03:10:56","modified_gmt":"2026-04-20T00:10:56","slug":"carnilove-true-fresh-beef-koeratoit-11-4kg","status":"publish","type":"product","link":"https:\/\/kasskoer.ee\/en\/toode\/carnilove-true-fresh-beef-koeratoit-11-4kg\/","title":{"rendered":"Carnilove True Fresh Beef koeratoit 11.4kg"},"content":{"rendered":"<ul>\n<li>60% v\u00e4rsket liha \u2013 valmistatud vahetult ja ainult v\u00e4rskest lihast.<\/li>\n<li>1 kg toodet on valmistatud 600 g v\u00e4rskest veiselihast.<\/li>\n<li>Lisatud herned ja munakoored sisaldavad mineraalaineid, millel on oluline roll luude mineraliseerumisel.<\/li>\n<li>K\u00f5rvits on v\u00e4ga hea kiudaineallikas, mis toetab seedetrakti tervist ja tagab p\u00f5hiliste toitainete t\u00f5husa imendumise.<\/li>\n<\/ul>\n<p> <strong>Koostis<\/strong><br \/> V\u00e4rske veiseliha (60%), hernes, veiserasv (s\u00e4ilitusaine tokoferoolid), k\u00f5rvits (4%), kikerhernes, kuivatatud \u00f5unad, punane l\u00e4\u00e4ts, looduslik l\u00f5hna- ja maitseaine, l\u00f5he\u00f5li (1%), porgand, kuivatatud munakoored, lemmelivalk (0,5%), spirulina (0,3%), kuivatatud astelpalju (0,2%), kuivatatud ingverijuur (0,1%), kuivatatud mustikad (0,1%), kuivatatud rosmariin (0,1%), kuivatatud pohlad (0,1%), kuivatatud t\u00fc\u00fcmian (0,1%), gl\u00fckosamiin (0,026%), rohekarp (0,025%), kondroitiinsulfaat (0,016%), \u00f5llep\u00e4rm (mannanoligosahhariidide allikas, 0,015%), sigurijuur (fruktooligosahhariidide allikas, 0,01%), t\u00e4\u00e4kliilia (0,01%).<\/p>\n<p> <strong>Toiteained<\/strong><br \/> A-vitamiin (3a672a) 20000 IU, D3-vitamiin (3a671) 1500 IU, E-vitamiin (3a700) 400 mg, C-vitamiin (3a312) 250 mg, tauriin (3a370) 1500 mg, L-karnitiin (3a310) 50 mg, koliinkloriid (3a890) 1800 mg, niatsiinamiid (3a315) 20 mg, biotiin (3a880) 0,5 mg, tsink (3b606) 80 mg, raud (3b106) 60 mg, mangaan (3b504) 35 mg, jood (3b201) 0,65 mg, vask (3b406) 15 mg, seleen (3b810) 0,2 mg. Sisaldab looduslikke antioks\u00fcdante: taime\u00f5lidest saadud tokoferooliekstrakte (1b306), askorb\u00fc\u00fclpalmitaati (1b304) ja rosmariiniekstrakti.<\/p>\n<p> <strong>Anal\u00fc\u00fctiline koostis<\/strong><br \/> Toorvalk 26,0%, toorrasv 19%, niiskus 10,0%, toortuhk 6,5%, toorkiud 4,5%, kaltsium 1,3%, fosfor 0,9%, naatrium 0,3%, oomega-3 0,2%, oomega-6 1,3%, EPA (20 : 5 n-3) 0,5%, DHA (22 : 6 n-3) 0,1%.<\/p>\n<p> <strong>Metaboliseeruv energia<\/strong><br \/> 3,840 kcal\/kg<\/p>\n","protected":false},"excerpt":{"rendered":"<p>Teravilja- ja kartulivaba t\u00e4iss\u00f6\u00f6t v\u00e4rske veiselihaga igat t\u00f5ugu t\u00e4iskasvanud koertele.<\/p>\n","protected":false},"featured_media":6027,"template":"","meta":[],"product_cat":[688,64],"product_tag":[],"class_list":{"0":"post-16017","1":"product","2":"type-product","3":"status-publish","4":"has-post-thumbnail","6":"product_cat-koerad","7":"product_cat-koeratoit","8":"pa_brand-carnilove","9":"pa_ean-571","10":"pa_kaal-11-400","11":"pa_tootjariik-tsehhi","13":"first","14":"instock","15":"taxable","16":"shipping-taxable","17":"purchasable","18":"product-type-simple"},"_links":{"self":[{"href":"https:\/\/kasskoer.ee\/en\/wp-json\/wp\/v2\/product\/16017","targetHints":{"allow":["GET"]}}],"collection":[{"href":"https:\/\/kasskoer.ee\/en\/wp-json\/wp\/v2\/product"}],"about":[{"href":"https:\/\/kasskoer.ee\/en\/wp-json\/wp\/v2\/types\/product"}],"wp:featuredmedia":[{"embeddable":true,"href":"https:\/\/kasskoer.ee\/en\/wp-json\/wp\/v2\/media\/6027"}],"wp:attachment":[{"href":"https:\/\/kasskoer.ee\/en\/wp-json\/wp\/v2\/media?parent=16017"}],"wp:term":[{"taxonomy":"product_cat","embeddable":true,"href":"https:\/\/kasskoer.ee\/en\/wp-json\/wp\/v2\/product_cat?post=16017"},{"taxonomy":"product_tag","embeddable":true,"href":"https:\/\/kasskoer.ee\/en\/wp-json\/wp\/v2\/product_tag?post=16017"}],"curies":[{"name":"wp","href":"https:\/\/api.w.org\/{rel}","templated":true}]}}