{"id":16019,"date":"2026-04-20T03:10:54","date_gmt":"2026-04-20T00:10:54","guid":{"rendered":"https:\/\/kasskoer.ee\/product\/brit-premium-by-nature-konserv-turkey-with-liver-koertele-400g-2\/"},"modified":"2026-04-20T03:10:56","modified_gmt":"2026-04-20T00:10:56","slug":"brit-premium-by-nature-konserv-turkey-with-liver-koertele-400g","status":"publish","type":"product","link":"https:\/\/kasskoer.ee\/en\/toode\/brit-premium-by-nature-konserv-turkey-with-liver-koertele-400g\/","title":{"rendered":"Brit Premium by Nature konserv Turkey with Liver koertele 400g"},"content":{"rendered":"<p>Ideaalne t\u00e4ienduseks graanulite juurde. Kasutamiseks t\u00e4iss\u00f6\u00f6dana, einena v\u00f5i graanulite maitsestamiseks igat t\u00f5ugu noortele koertele. Aitab muuta toitu isu\u00e4ratavamaks ja varustada vedelikuga.<\/p>\n<ul>\n<li>V\u00e4ga h\u00e4sti seeditav ja suurep\u00e4rase maitsega.<\/li>\n<li>Tasakaalustatud toitainete, vitamiinide ja mineraalainete kogused.<\/li>\n<li>Ei sisalda teravilja, soola ega GMO-sid.<\/li>\n<\/ul>\n<p><strong>Koostis<\/strong><br \/> Kalkun 36%, kalkunipuljong 35,5%, kana 22%, kalkunimaks 4%, kummel 1%, mineraalained 1%, l\u00f5he\u00f5li 0,5%.&nbsp;<\/p>\n<p><strong>Anal\u00fc\u00fctilised koostisosad<\/strong><br \/> Toorvalk 8,0%, toorrasv 5,5%, toorkiud 0,4%, toortuhk 2,8%, niiskus 78,0%, kaltsium 0,3%, fosfor 0,3%, naatrium 0,5%.&nbsp;<\/p>\n<p><strong>Toidukoostis<\/strong><br \/> D3-vitamiin (E671) 200 R\u00dc, E-vitamiin (3a700) 100 mg, tsink (3b606) 10 mg, raud (3b103) 8 mg, mangaan (3b502) 2 mg, jood (3b201) 0,5 mg, vask (3b405) 0,5 mg.&nbsp;<\/p>\n<p><strong>Metaboliseeruv energia<\/strong><br \/> 1 010 kcal\/kg<\/p>\n<p><strong>Toitmisjuhend<\/strong><br \/> P\u00e4evane annus v\u00f5ib varieeruda s\u00f5ltuvalt keskkonnast, suurusest, vanusest ja aktiivsusest. Andke toatemperatuuril. Kui te annate toodet toidu ja maitsete mitmekesistamiseks, v\u00e4hendage vastavalt igap\u00e4evase toidu p\u00e4evast annust. Tagage koerale juurdep\u00e4\u00e4s v\u00e4rskele joogiveele. S\u00e4ilitage kuivas ja jahedas kohas. P\u00e4rast avamist hoidke k\u00fclmkapis. K\u00f5lblik kuni ja partii number: vt pakendilt.&nbsp;<\/p>\n<figure class=\"table\">\n<table>\n<thead>\n<tr>\n<th>Vanus (kuud)<\/th>\n<th rowspan=\"1\">T\u00e4iskasvanud koera kehakaal (kg)<\/th>\n<th>V\u00e4ike (1\u201310 kg)<\/th>\n<th>Keskmine (10-25kg)<\/th>\n<th>Suur (25-45kg)<\/th>\n<th>Eriti suur (45-90kg)<\/th>\n<\/tr>\n<\/thead>\n<tbody>\n<tr>\n<th rowspan=\"1\">1-3<\/th>\n<th rowspan=\"3\">P\u00e4evane annus (g)<\/th>\n<td>50-100<\/td>\n<td>100-200<\/td>\n<td>400-500<\/td>\n<td>600-800<\/td>\n<\/tr>\n<tr>\n<th rowspan=\"1\">3-6<\/th>\n<td>100-150<\/td>\n<td>200-300<\/td>\n<td>500-600<\/td>\n<td>800-1000<\/td>\n<\/tr>\n<tr>\n<th rowspan=\"1\">6-12<\/th>\n<td>150-200<\/td>\n<td>300-400<\/td>\n<td>600-800<\/td>\n<td>1000-1200<\/td>\n<\/tr>\n<\/tbody>\n<\/table>\n<\/figure>\n","protected":false},"excerpt":{"rendered":"<p>Brit Premium kalkuni ja maksaga lihapasteet koertele.<\/p>\n","protected":false},"featured_media":14115,"template":"","meta":[],"product_cat":[688,106],"product_tag":[],"class_list":{"0":"post-16019","1":"product","2":"type-product","3":"status-publish","4":"has-post-thumbnail","6":"product_cat-koerad","7":"product_cat-konservid-koertele","8":"pa_brand-brit-premium","9":"pa_ean-2155","10":"pa_kaal-0-400","11":"pa_tootjariik-tsehhi","13":"first","14":"instock","15":"taxable","16":"shipping-taxable","17":"purchasable","18":"product-type-simple"},"_links":{"self":[{"href":"https:\/\/kasskoer.ee\/en\/wp-json\/wp\/v2\/product\/16019","targetHints":{"allow":["GET"]}}],"collection":[{"href":"https:\/\/kasskoer.ee\/en\/wp-json\/wp\/v2\/product"}],"about":[{"href":"https:\/\/kasskoer.ee\/en\/wp-json\/wp\/v2\/types\/product"}],"wp:featuredmedia":[{"embeddable":true,"href":"https:\/\/kasskoer.ee\/en\/wp-json\/wp\/v2\/media\/14115"}],"wp:attachment":[{"href":"https:\/\/kasskoer.ee\/en\/wp-json\/wp\/v2\/media?parent=16019"}],"wp:term":[{"taxonomy":"product_cat","embeddable":true,"href":"https:\/\/kasskoer.ee\/en\/wp-json\/wp\/v2\/product_cat?post=16019"},{"taxonomy":"product_tag","embeddable":true,"href":"https:\/\/kasskoer.ee\/en\/wp-json\/wp\/v2\/product_tag?post=16019"}],"curies":[{"name":"wp","href":"https:\/\/api.w.org\/{rel}","templated":true}]}}