{"id":16023,"date":"2026-04-20T03:10:54","date_gmt":"2026-04-20T00:10:54","guid":{"rendered":"https:\/\/kasskoer.ee\/product\/flamingo-narimislelu-sarv-koerale-15cm-2\/"},"modified":"2026-04-20T03:10:56","modified_gmt":"2026-04-20T00:10:56","slug":"flamingo-narimislelu-sarv-koerale-15cm","status":"publish","type":"product","link":"https:\/\/kasskoer.ee\/en\/toode\/flamingo-narimislelu-sarv-koerale-15cm\/","title":{"rendered":"Flamingo n\u00e4rimislelu sarv koerale 15cm"},"content":{"rendered":"<p><b>Teie koer armastab seda m\u00e4nguasja kindlasti!<\/b>   &#13;<\/p>\n<li>Sarv on veiseliha maitse ja l\u00f5hnaga.<\/li>\n<p>&#13;<\/p>\n<li>Aitab v\u00e4ltida hambakatu teket.<\/li>\n<p>&#13;<\/p>\n<li>Sobib suurep\u00e4raselt m\u00e4ngimiseks ja n\u00e4rimiseks.<\/li>\n","protected":false},"excerpt":{"rendered":"<p>Flamingo veiseliha maitse ja l\u00f5hnaline sarve kujuline n\u00e4rimislelu koerale.<\/p>\n","protected":false},"featured_media":13024,"template":"","meta":[],"product_cat":[1326,688],"product_tag":[],"class_list":{"0":"post-16023","1":"product","2":"type-product","3":"status-publish","4":"has-post-thumbnail","6":"product_cat-koerte-manguasjad","7":"product_cat-koerad","8":"pa_brand-flamingo","9":"pa_ean-2330","10":"pa_kaal-0-140","11":"pa_tootjariik-hiina","13":"first","14":"outofstock","15":"taxable","16":"shipping-taxable","17":"purchasable","18":"product-type-simple"},"_links":{"self":[{"href":"https:\/\/kasskoer.ee\/en\/wp-json\/wp\/v2\/product\/16023","targetHints":{"allow":["GET"]}}],"collection":[{"href":"https:\/\/kasskoer.ee\/en\/wp-json\/wp\/v2\/product"}],"about":[{"href":"https:\/\/kasskoer.ee\/en\/wp-json\/wp\/v2\/types\/product"}],"wp:featuredmedia":[{"embeddable":true,"href":"https:\/\/kasskoer.ee\/en\/wp-json\/wp\/v2\/media\/13024"}],"wp:attachment":[{"href":"https:\/\/kasskoer.ee\/en\/wp-json\/wp\/v2\/media?parent=16023"}],"wp:term":[{"taxonomy":"product_cat","embeddable":true,"href":"https:\/\/kasskoer.ee\/en\/wp-json\/wp\/v2\/product_cat?post=16023"},{"taxonomy":"product_tag","embeddable":true,"href":"https:\/\/kasskoer.ee\/en\/wp-json\/wp\/v2\/product_tag?post=16023"}],"curies":[{"name":"wp","href":"https:\/\/api.w.org\/{rel}","templated":true}]}}