{"id":16044,"date":"2026-04-20T03:10:54","date_gmt":"2026-04-20T00:10:54","guid":{"rendered":"https:\/\/kasskoer.ee\/product\/flamingo-globe-hall-transpordipuur-35x57x37cm-2\/"},"modified":"2026-04-20T03:10:57","modified_gmt":"2026-04-20T00:10:57","slug":"flamingo-globe-hall-transpordipuur-35x57x37cm","status":"publish","type":"product","link":"https:\/\/kasskoer.ee\/en\/toode\/flamingo-globe-hall-transpordipuur-35x57x37cm\/","title":{"rendered":"Flamingo Globe hall transpordipuur 35x57x37cm"},"content":{"rendered":"<p><b>Flamingo metallustega transpordipuur lemmikloomadele.<\/b>&#13;<\/p>\n<li>Puuril on kaks turvalukuga metallust &#8211; \u00fcks puuri esik\u00fcljel ja teine pealmisel k\u00fcljel.<\/li>\n<p>&#13;<\/p>\n<li>Puuril on k\u00e4epide lihtsaks ja mugavaks transpordiks.<\/li>\n<p>&#13;<\/p>\n<li>Puur on valmistatud plastikust.<\/li>\n<p>&#13;<\/p>\n<li>Puuri pealmine osa kinnitatud lihtsasti avatavate klambritega.<\/li>\n","protected":false},"excerpt":{"rendered":"<p>Flamingo halli v\u00e4rvi plastikust transpordipuur lemmikloomale.<\/p>\n","protected":false},"featured_media":13044,"template":"","meta":[],"product_cat":[1589],"product_tag":[],"class_list":{"0":"post-16044","1":"product","2":"type-product","3":"status-publish","4":"has-post-thumbnail","6":"product_cat-transpordipuurid","7":"pa_brand-flamingo","8":"pa_ean-2360","9":"pa_kaal-2-800","10":"pa_tootjariik-hiina","12":"first","13":"instock","14":"taxable","15":"shipping-taxable","16":"purchasable","17":"product-type-simple"},"_links":{"self":[{"href":"https:\/\/kasskoer.ee\/en\/wp-json\/wp\/v2\/product\/16044","targetHints":{"allow":["GET"]}}],"collection":[{"href":"https:\/\/kasskoer.ee\/en\/wp-json\/wp\/v2\/product"}],"about":[{"href":"https:\/\/kasskoer.ee\/en\/wp-json\/wp\/v2\/types\/product"}],"wp:featuredmedia":[{"embeddable":true,"href":"https:\/\/kasskoer.ee\/en\/wp-json\/wp\/v2\/media\/13044"}],"wp:attachment":[{"href":"https:\/\/kasskoer.ee\/en\/wp-json\/wp\/v2\/media?parent=16044"}],"wp:term":[{"taxonomy":"product_cat","embeddable":true,"href":"https:\/\/kasskoer.ee\/en\/wp-json\/wp\/v2\/product_cat?post=16044"},{"taxonomy":"product_tag","embeddable":true,"href":"https:\/\/kasskoer.ee\/en\/wp-json\/wp\/v2\/product_tag?post=16044"}],"curies":[{"name":"wp","href":"https:\/\/api.w.org\/{rel}","templated":true}]}}