{"id":16047,"date":"2026-04-20T03:10:54","date_gmt":"2026-04-20T00:10:54","guid":{"rendered":"https:\/\/kasskoer.ee\/product\/flamingo-liivakast-kassipojale-37x28x6cm-2\/"},"modified":"2026-04-20T03:10:57","modified_gmt":"2026-04-20T00:10:57","slug":"flamingo-liivakast-kassipojale-37x28x6cm","status":"publish","type":"product","link":"https:\/\/kasskoer.ee\/en\/toode\/flamingo-liivakast-kassipojale-37x28x6cm\/","title":{"rendered":"Flamingo liivakast kassipojale 37x28x6cm"},"content":{"rendered":"<p>Plastikust liivakast, mida on lihtne puhastada t\u00e4nu \u00fcmaratele nurkadele. Kastiga tuleb kaasa kassiliiva k\u00fchvel ja kassiliivakotid.&#13;<br \/>\n<br \/>&#13;<br \/>\n<br \/><b>M\u00f5\u00f5dud<\/b><br \/>&#13;<br \/>\n37cm x 28cm x 6cm<\/p>\n","protected":false},"excerpt":{"rendered":"<p>Flamingo halli v\u00e4rvi ilma kaaneta liivakast kassipoegadele.<\/p>\n","protected":false},"featured_media":13046,"template":"","meta":[],"product_cat":[692,1001],"product_tag":[],"class_list":{"0":"post-16047","1":"product","2":"type-product","3":"status-publish","4":"has-post-thumbnail","6":"product_cat-lemmikutele-lisaks","7":"product_cat-tualetid","8":"pa_brand-flamingo","9":"pa_ean-2284","10":"pa_kaal-0-200","11":"pa_tootjariik-hiina","13":"first","14":"outofstock","15":"taxable","16":"shipping-taxable","17":"purchasable","18":"product-type-simple"},"_links":{"self":[{"href":"https:\/\/kasskoer.ee\/en\/wp-json\/wp\/v2\/product\/16047","targetHints":{"allow":["GET"]}}],"collection":[{"href":"https:\/\/kasskoer.ee\/en\/wp-json\/wp\/v2\/product"}],"about":[{"href":"https:\/\/kasskoer.ee\/en\/wp-json\/wp\/v2\/types\/product"}],"wp:featuredmedia":[{"embeddable":true,"href":"https:\/\/kasskoer.ee\/en\/wp-json\/wp\/v2\/media\/13046"}],"wp:attachment":[{"href":"https:\/\/kasskoer.ee\/en\/wp-json\/wp\/v2\/media?parent=16047"}],"wp:term":[{"taxonomy":"product_cat","embeddable":true,"href":"https:\/\/kasskoer.ee\/en\/wp-json\/wp\/v2\/product_cat?post=16047"},{"taxonomy":"product_tag","embeddable":true,"href":"https:\/\/kasskoer.ee\/en\/wp-json\/wp\/v2\/product_tag?post=16047"}],"curies":[{"name":"wp","href":"https:\/\/api.w.org\/{rel}","templated":true}]}}