{"id":16065,"date":"2026-04-20T03:10:58","date_gmt":"2026-04-20T00:10:58","guid":{"rendered":"https:\/\/kasskoer.ee\/product\/flamingo-royal-rondo-sooginou-valge-o-11cm-160ml-2\/"},"modified":"2026-04-20T03:10:58","modified_gmt":"2026-04-20T00:10:58","slug":"flamingo-royal-rondo-sooginou-valge-o-11cm-160ml","status":"publish","type":"product","link":"https:\/\/kasskoer.ee\/en\/toode\/flamingo-royal-rondo-sooginou-valge-o-11cm-160ml\/","title":{"rendered":"Flamingo Royal Rondo s\u00f6\u00f6gin\u00f5u valge \u00f8 11cm &#8211; 160ml"},"content":{"rendered":"<p>See ilus valge s\u00f6\u00f6gikauss sobib ideaalselt igasse interj\u00f6\u00f6ri.&#13;<\/p>\n<li>Libisemisvastase p\u00f5hjaga.<\/li>\n<p>&#13;<\/p>\n<li>Eemaldatav kauss on n\u00f5udepesumasinas pestav.<\/li>\n<p>&#13;<br \/>\n<br \/><b>Materjal<\/b><br \/>&#13;<br \/>\nRoostevabast terasest kauss melamiinist hoidikus.<\/p>\n","protected":false},"excerpt":{"rendered":"<p>Flamingo Royal Rondo valget v\u00e4rvi kauss lemmikule.<\/p>\n","protected":false},"featured_media":13062,"template":"","meta":[],"product_cat":[1319],"product_tag":[],"class_list":{"0":"post-16065","1":"product","2":"type-product","3":"status-publish","4":"has-post-thumbnail","6":"product_cat-koerte-sooginoud","7":"pa_brand-flamingo","8":"pa_ean-2276","9":"pa_kaal-0-200","10":"pa_tootjariik-hiina","12":"first","13":"outofstock","14":"taxable","15":"shipping-taxable","16":"purchasable","17":"product-type-simple"},"_links":{"self":[{"href":"https:\/\/kasskoer.ee\/en\/wp-json\/wp\/v2\/product\/16065","targetHints":{"allow":["GET"]}}],"collection":[{"href":"https:\/\/kasskoer.ee\/en\/wp-json\/wp\/v2\/product"}],"about":[{"href":"https:\/\/kasskoer.ee\/en\/wp-json\/wp\/v2\/types\/product"}],"wp:featuredmedia":[{"embeddable":true,"href":"https:\/\/kasskoer.ee\/en\/wp-json\/wp\/v2\/media\/13062"}],"wp:attachment":[{"href":"https:\/\/kasskoer.ee\/en\/wp-json\/wp\/v2\/media?parent=16065"}],"wp:term":[{"taxonomy":"product_cat","embeddable":true,"href":"https:\/\/kasskoer.ee\/en\/wp-json\/wp\/v2\/product_cat?post=16065"},{"taxonomy":"product_tag","embeddable":true,"href":"https:\/\/kasskoer.ee\/en\/wp-json\/wp\/v2\/product_tag?post=16065"}],"curies":[{"name":"wp","href":"https:\/\/api.w.org\/{rel}","templated":true}]}}