{"id":16069,"date":"2026-04-20T03:10:58","date_gmt":"2026-04-20T00:10:58","guid":{"rendered":"https:\/\/kasskoer.ee\/product\/flamingo-must-kauss-lemmikloomale-o-13cm-160ml-2\/"},"modified":"2026-04-20T03:10:58","modified_gmt":"2026-04-20T00:10:58","slug":"flamingo-must-kauss-lemmikloomale-o-13cm-160ml","status":"publish","type":"product","link":"https:\/\/kasskoer.ee\/en\/toode\/flamingo-must-kauss-lemmikloomale-o-13cm-160ml\/","title":{"rendered":"Flamingo must kauss lemmikloomale \u00f8 13cm &#8211; 160ml"},"content":{"rendered":"<ul>\n<li>S\u00f6\u00f6gin\u00f5u koosneb kahest osast &#8211; metallist kauss ning plastmassist alus, kuhu kauss sisse k\u00e4ib.<\/li>\n<li>Alusel on kummist jalad, mis muudavad&nbsp;selle libisemiskindlaks.<\/li>\n<li>Kauss on n\u00f5udepesumasinas pestav.<\/li>\n<\/ul>\n","protected":false},"excerpt":{"rendered":"<p>Flamingo matt musta v\u00e4rvi s\u00f6\u00f6gi- ja joogin\u00f5u lemmikloomale.<\/p>\n","protected":false},"featured_media":13066,"template":"","meta":[],"product_cat":[1325],"product_tag":[],"class_list":{"0":"post-16069","1":"product","2":"type-product","3":"status-publish","4":"has-post-thumbnail","6":"product_cat-kasside-sooginoud","7":"pa_brand-flamingo","8":"pa_ean-901","9":"pa_kaal-0-150","10":"pa_tootjariik-hiina","12":"first","13":"outofstock","14":"taxable","15":"shipping-taxable","16":"purchasable","17":"product-type-simple"},"_links":{"self":[{"href":"https:\/\/kasskoer.ee\/en\/wp-json\/wp\/v2\/product\/16069","targetHints":{"allow":["GET"]}}],"collection":[{"href":"https:\/\/kasskoer.ee\/en\/wp-json\/wp\/v2\/product"}],"about":[{"href":"https:\/\/kasskoer.ee\/en\/wp-json\/wp\/v2\/types\/product"}],"wp:featuredmedia":[{"embeddable":true,"href":"https:\/\/kasskoer.ee\/en\/wp-json\/wp\/v2\/media\/13066"}],"wp:attachment":[{"href":"https:\/\/kasskoer.ee\/en\/wp-json\/wp\/v2\/media?parent=16069"}],"wp:term":[{"taxonomy":"product_cat","embeddable":true,"href":"https:\/\/kasskoer.ee\/en\/wp-json\/wp\/v2\/product_cat?post=16069"},{"taxonomy":"product_tag","embeddable":true,"href":"https:\/\/kasskoer.ee\/en\/wp-json\/wp\/v2\/product_tag?post=16069"}],"curies":[{"name":"wp","href":"https:\/\/api.w.org\/{rel}","templated":true}]}}