{"id":16071,"date":"2026-04-20T03:10:58","date_gmt":"2026-04-20T00:10:58","guid":{"rendered":"https:\/\/kasskoer.ee\/product\/flamingo-aschau-sooginou-must-m-o-14cm-350ml-2\/"},"modified":"2026-04-20T03:10:58","modified_gmt":"2026-04-20T00:10:58","slug":"flamingo-aschau-sooginou-must-m-o-14cm-350ml","status":"publish","type":"product","link":"https:\/\/kasskoer.ee\/en\/toode\/flamingo-aschau-sooginou-must-m-o-14cm-350ml\/","title":{"rendered":"Flamingo Aschau s\u00f6\u00f6gin\u00f5u must M \u00f8 14cm &#8211; 350ml"},"content":{"rendered":"<p>Aschau koera toidukauss pole mitte ainult ilus ja stiilne, vaid ka praktiline. &#13;<\/p>\n<li>Libisemisvastase p\u00f5hjaga.<\/li>\n<p>&#13;<\/p>\n<li>Eemaldatav kauss on n\u00f5udepesumasinas pestav.<\/li>\n<p>&#13;<br \/>\n<br \/><b>Materjal<\/b><br \/>&#13;<br \/>\nRoostevabast terasest kauss melamiinist hoidikus.<\/p>\n","protected":false},"excerpt":{"rendered":"<p>Flamingo Aschau musta v\u00e4rvi libisemisvastase p\u00f5hjaga toidukauss.<\/p>\n","protected":false},"featured_media":13070,"template":"","meta":[],"product_cat":[1319],"product_tag":[],"class_list":{"0":"post-16071","1":"product","2":"type-product","3":"status-publish","4":"has-post-thumbnail","6":"product_cat-koerte-sooginoud","7":"pa_brand-flamingo","8":"pa_ean-2278","9":"pa_kaal-0-300","10":"pa_tootjariik-hiina","12":"first","13":"instock","14":"taxable","15":"shipping-taxable","16":"purchasable","17":"product-type-simple"},"_links":{"self":[{"href":"https:\/\/kasskoer.ee\/en\/wp-json\/wp\/v2\/product\/16071","targetHints":{"allow":["GET"]}}],"collection":[{"href":"https:\/\/kasskoer.ee\/en\/wp-json\/wp\/v2\/product"}],"about":[{"href":"https:\/\/kasskoer.ee\/en\/wp-json\/wp\/v2\/types\/product"}],"wp:featuredmedia":[{"embeddable":true,"href":"https:\/\/kasskoer.ee\/en\/wp-json\/wp\/v2\/media\/13070"}],"wp:attachment":[{"href":"https:\/\/kasskoer.ee\/en\/wp-json\/wp\/v2\/media?parent=16071"}],"wp:term":[{"taxonomy":"product_cat","embeddable":true,"href":"https:\/\/kasskoer.ee\/en\/wp-json\/wp\/v2\/product_cat?post=16071"},{"taxonomy":"product_tag","embeddable":true,"href":"https:\/\/kasskoer.ee\/en\/wp-json\/wp\/v2\/product_tag?post=16071"}],"curies":[{"name":"wp","href":"https:\/\/api.w.org\/{rel}","templated":true}]}}