{"id":16075,"date":"2026-04-20T03:10:58","date_gmt":"2026-04-20T00:10:58","guid":{"rendered":"https:\/\/kasskoer.ee\/product\/flamingo-aeglase-soomise-kauss-royal-valge-m-350ml-2\/"},"modified":"2026-04-20T03:10:58","modified_gmt":"2026-04-20T00:10:58","slug":"flamingo-aeglase-soomise-kauss-royal-valge-m-350ml","status":"publish","type":"product","link":"https:\/\/kasskoer.ee\/en\/toode\/flamingo-aeglase-soomise-kauss-royal-valge-m-350ml\/","title":{"rendered":"Flamingo aeglase s\u00f6\u00f6mise kauss royal valge M 350ml"},"content":{"rendered":"<p>Flamingo aeglase s\u00f6\u00f6gi kauss royal valge.&#13;<\/p>\n<li>Kauss takistab koera oma toitu liiga kiiresti s\u00f6\u00f6mast.<\/li>\n<p> &#13;<\/p>\n<li>Kausil on libisemisvastane kummist alus.<\/li>\n<p> &#13;<\/p>\n<li>Sobilik nii kuiv- kui m\u00e4rgtoidu jaoks.<\/li>\n","protected":false},"excerpt":{"rendered":"<p>Flamingo valget v\u00e4rvi aeglaseks s\u00f6\u00f6miseks m\u00f5eldud kauss koerale.<\/p>\n","protected":false},"featured_media":13074,"template":"","meta":[],"product_cat":[1319],"product_tag":[],"class_list":{"0":"post-16075","1":"product","2":"type-product","3":"status-publish","4":"has-post-thumbnail","6":"product_cat-koerte-sooginoud","7":"pa_brand-flamingo","8":"pa_ean-1409","9":"pa_kaal-0-380","10":"pa_tootjariik-hiina","12":"first","13":"instock","14":"taxable","15":"shipping-taxable","16":"purchasable","17":"product-type-simple"},"_links":{"self":[{"href":"https:\/\/kasskoer.ee\/en\/wp-json\/wp\/v2\/product\/16075","targetHints":{"allow":["GET"]}}],"collection":[{"href":"https:\/\/kasskoer.ee\/en\/wp-json\/wp\/v2\/product"}],"about":[{"href":"https:\/\/kasskoer.ee\/en\/wp-json\/wp\/v2\/types\/product"}],"wp:featuredmedia":[{"embeddable":true,"href":"https:\/\/kasskoer.ee\/en\/wp-json\/wp\/v2\/media\/13074"}],"wp:attachment":[{"href":"https:\/\/kasskoer.ee\/en\/wp-json\/wp\/v2\/media?parent=16075"}],"wp:term":[{"taxonomy":"product_cat","embeddable":true,"href":"https:\/\/kasskoer.ee\/en\/wp-json\/wp\/v2\/product_cat?post=16075"},{"taxonomy":"product_tag","embeddable":true,"href":"https:\/\/kasskoer.ee\/en\/wp-json\/wp\/v2\/product_tag?post=16075"}],"curies":[{"name":"wp","href":"https:\/\/api.w.org\/{rel}","templated":true}]}}