{"id":16080,"date":"2026-04-20T03:10:58","date_gmt":"2026-04-20T00:10:58","guid":{"rendered":"https:\/\/kasskoer.ee\/product\/flamingo-royal-kahe-kausiga-sooginou-valge-2\/"},"modified":"2026-04-20T03:10:58","modified_gmt":"2026-04-20T00:10:58","slug":"flamingo-royal-kahe-kausiga-sooginou-valge","status":"publish","type":"product","link":"https:\/\/kasskoer.ee\/en\/toode\/flamingo-royal-kahe-kausiga-sooginou-valge\/","title":{"rendered":"Flamingo Royal kahe kausiga s\u00f6\u00f6gin\u00f5u valge"},"content":{"rendered":"<p>Ideaalne toidun\u00f5u mitmele lemmikloomale v\u00f5i kui soovite pakkuda nii toitu kui ka vett korraga.&#13;<\/p>\n<li>Libisemisvastase p\u00f5hjaga.<\/li>\n<p>&#13;<\/p>\n<li>Eemaldatavad kausid on n\u00f5udepesumasinas pestavad.<\/li>\n<p>&#13;<br \/>\n<br \/>&#13;<br \/>\n<b>Materjal<\/b><br \/>&#13;<br \/>\nRoostevaba teras ja melamiin.&#13;<br \/>\n<br \/>&#13;<br \/>\n<br \/><b>M\u00f5\u00f5dud<\/b><br \/> 350ml &#8211; \u00f8 14cm &#038; 160ml &#8211; \u00f8 11cm<\/p>\n","protected":false},"excerpt":{"rendered":"<p>Flamingo Royal kahe kausiga valge s\u00f6\u00f6gin\u00f5u lemmikule.<\/p>\n","protected":false},"featured_media":13080,"template":"","meta":[],"product_cat":[1319],"product_tag":[],"class_list":{"0":"post-16080","1":"product","2":"type-product","3":"status-publish","4":"has-post-thumbnail","6":"product_cat-koerte-sooginoud","7":"pa_brand-flamingo","8":"pa_ean-2288","9":"pa_kaal-0-600","10":"pa_tootjariik-hiina","12":"first","13":"outofstock","14":"taxable","15":"shipping-taxable","16":"purchasable","17":"product-type-simple"},"_links":{"self":[{"href":"https:\/\/kasskoer.ee\/en\/wp-json\/wp\/v2\/product\/16080","targetHints":{"allow":["GET"]}}],"collection":[{"href":"https:\/\/kasskoer.ee\/en\/wp-json\/wp\/v2\/product"}],"about":[{"href":"https:\/\/kasskoer.ee\/en\/wp-json\/wp\/v2\/types\/product"}],"wp:featuredmedia":[{"embeddable":true,"href":"https:\/\/kasskoer.ee\/en\/wp-json\/wp\/v2\/media\/13080"}],"wp:attachment":[{"href":"https:\/\/kasskoer.ee\/en\/wp-json\/wp\/v2\/media?parent=16080"}],"wp:term":[{"taxonomy":"product_cat","embeddable":true,"href":"https:\/\/kasskoer.ee\/en\/wp-json\/wp\/v2\/product_cat?post=16080"},{"taxonomy":"product_tag","embeddable":true,"href":"https:\/\/kasskoer.ee\/en\/wp-json\/wp\/v2\/product_tag?post=16080"}],"curies":[{"name":"wp","href":"https:\/\/api.w.org\/{rel}","templated":true}]}}