{"id":16084,"date":"2026-04-20T03:10:58","date_gmt":"2026-04-20T00:10:58","guid":{"rendered":"https:\/\/kasskoer.ee\/product\/flamingo-must-sooginou-lemmikloomale-2x-o-14cm-350ml-2\/"},"modified":"2026-04-20T03:10:58","modified_gmt":"2026-04-20T00:10:58","slug":"flamingo-must-sooginou-lemmikloomale-2x-o-14cm-350ml","status":"publish","type":"product","link":"https:\/\/kasskoer.ee\/en\/toode\/flamingo-must-sooginou-lemmikloomale-2x-o-14cm-350ml\/","title":{"rendered":"Flamingo must s\u00f6\u00f6gin\u00f5u lemmikloomale 2x \u00f8 14cm &#8211; 350ml"},"content":{"rendered":"<ul>\n<li>S\u00f6\u00f6gin\u00f5u koosneb erinevatest osadest &#8211; metallist kausid&nbsp;ning plastmassist alus, kuhu need&nbsp;sisse k\u00e4ivad.<\/li>\n<li>Alusel on kummist jalad, mis muudavad&nbsp;selle libisemiskindlaks.<\/li>\n<li>S\u00f6\u00f6gin\u00f5u&nbsp;on n\u00f5udepesumasinas pestav.<\/li>\n<\/ul>\n","protected":false},"excerpt":{"rendered":"<p>Flamingo matt musta v\u00e4rvi s\u00f6\u00f6gi- ja joogin\u00f5u lemmikloomale.<\/p>\n","protected":false},"featured_media":13084,"template":"","meta":[],"product_cat":[1319],"product_tag":[],"class_list":{"0":"post-16084","1":"product","2":"type-product","3":"status-publish","4":"has-post-thumbnail","6":"product_cat-koerte-sooginoud","7":"pa_brand-flamingo","8":"pa_ean-964","9":"pa_kaal-0-420","10":"pa_tootjariik-hiina","12":"first","13":"instock","14":"taxable","15":"shipping-taxable","16":"purchasable","17":"product-type-simple"},"_links":{"self":[{"href":"https:\/\/kasskoer.ee\/en\/wp-json\/wp\/v2\/product\/16084","targetHints":{"allow":["GET"]}}],"collection":[{"href":"https:\/\/kasskoer.ee\/en\/wp-json\/wp\/v2\/product"}],"about":[{"href":"https:\/\/kasskoer.ee\/en\/wp-json\/wp\/v2\/types\/product"}],"wp:featuredmedia":[{"embeddable":true,"href":"https:\/\/kasskoer.ee\/en\/wp-json\/wp\/v2\/media\/13084"}],"wp:attachment":[{"href":"https:\/\/kasskoer.ee\/en\/wp-json\/wp\/v2\/media?parent=16084"}],"wp:term":[{"taxonomy":"product_cat","embeddable":true,"href":"https:\/\/kasskoer.ee\/en\/wp-json\/wp\/v2\/product_cat?post=16084"},{"taxonomy":"product_tag","embeddable":true,"href":"https:\/\/kasskoer.ee\/en\/wp-json\/wp\/v2\/product_tag?post=16084"}],"curies":[{"name":"wp","href":"https:\/\/api.w.org\/{rel}","templated":true}]}}