{"id":16107,"date":"2026-04-20T03:10:58","date_gmt":"2026-04-20T00:10:58","guid":{"rendered":"https:\/\/kasskoer.ee\/product\/flamingo-kena-range-kauss-must-o-14cm-450ml-2\/"},"modified":"2026-04-20T03:10:59","modified_gmt":"2026-04-20T00:10:59","slug":"flamingo-kena-range-kauss-must-o-14cm-450ml","status":"publish","type":"product","link":"https:\/\/kasskoer.ee\/en\/toode\/flamingo-kena-range-kauss-must-o-14cm-450ml\/","title":{"rendered":"Flamingo Kena Range kauss must \u00f8 14cm &#8211; 450ml"},"content":{"rendered":"<li>Libisemisvastane p\u00f5hi.<\/li>\n<p>&#13;<\/p>\n<li>Kausi pesemiseks n\u00f5udepesumasinas tuleks eemaldada libisemisvastane kummist p\u00f5hi.<\/li>\n<p>&#13;<\/p>\n<li>Valmistatud roostevabast terasest.<\/li>\n","protected":false},"excerpt":{"rendered":"<p>Flamingo Kena Range musta v\u00e4rvi s\u00f6\u00f6gin\u00f5u lemmikule.<\/p>\n","protected":false},"featured_media":13110,"template":"","meta":[],"product_cat":[1319],"product_tag":[],"class_list":{"0":"post-16107","1":"product","2":"type-product","3":"status-publish","4":"has-post-thumbnail","6":"product_cat-koerte-sooginoud","7":"pa_brand-flamingo","8":"pa_ean-2280","9":"pa_kaal-0-100","10":"pa_tootjariik-india","12":"first","13":"instock","14":"taxable","15":"shipping-taxable","16":"purchasable","17":"product-type-simple"},"_links":{"self":[{"href":"https:\/\/kasskoer.ee\/en\/wp-json\/wp\/v2\/product\/16107","targetHints":{"allow":["GET"]}}],"collection":[{"href":"https:\/\/kasskoer.ee\/en\/wp-json\/wp\/v2\/product"}],"about":[{"href":"https:\/\/kasskoer.ee\/en\/wp-json\/wp\/v2\/types\/product"}],"wp:featuredmedia":[{"embeddable":true,"href":"https:\/\/kasskoer.ee\/en\/wp-json\/wp\/v2\/media\/13110"}],"wp:attachment":[{"href":"https:\/\/kasskoer.ee\/en\/wp-json\/wp\/v2\/media?parent=16107"}],"wp:term":[{"taxonomy":"product_cat","embeddable":true,"href":"https:\/\/kasskoer.ee\/en\/wp-json\/wp\/v2\/product_cat?post=16107"},{"taxonomy":"product_tag","embeddable":true,"href":"https:\/\/kasskoer.ee\/en\/wp-json\/wp\/v2\/product_tag?post=16107"}],"curies":[{"name":"wp","href":"https:\/\/api.w.org\/{rel}","templated":true}]}}