{"id":16112,"date":"2026-04-20T03:10:58","date_gmt":"2026-04-20T00:10:58","guid":{"rendered":"https:\/\/kasskoer.ee\/product\/flamingo-woof-hall-sinine-kauss-o-215cm-17l-2\/"},"modified":"2026-04-20T03:11:00","modified_gmt":"2026-04-20T00:11:00","slug":"flamingo-woof-hall-sinine-kauss-o-215cm-17l","status":"publish","type":"product","link":"https:\/\/kasskoer.ee\/en\/toode\/flamingo-woof-hall-sinine-kauss-o-215cm-17l\/","title":{"rendered":"Flamingo Woof hall\/sinine kauss \u00f8 21,5cm &#8211; 1,7L"},"content":{"rendered":"<p>Kvaliteetne lemmiku toidun\u00f5u, mis sobib suurep\u00e4raselt nii s\u00f6\u00f6giks kui joogiks.&#13;<\/p>\n<li>Libisemisvastase p\u00f5hjaga.<\/li>\n<p>&#13;<\/p>\n<li>Kauss sobib n\u00f5udepesumasinas pesemiseks.<\/li>\n<p>&#13;<\/p>\n<li>Valmistatud roostevabast terasest.<\/li>\n","protected":false},"excerpt":{"rendered":"<p>Flamingo Woof libisemisvastase p\u00f5hjaga s\u00f6\u00f6gin\u00f5u lemmikule.<\/p>\n","protected":false},"featured_media":13116,"template":"","meta":[],"product_cat":[1319],"product_tag":[],"class_list":{"0":"post-16112","1":"product","2":"type-product","3":"status-publish","4":"has-post-thumbnail","6":"product_cat-koerte-sooginoud","7":"pa_brand-flamingo","8":"pa_ean-2281","9":"pa_kaal-0-300","10":"pa_tootjariik-india","12":"first","13":"instock","14":"taxable","15":"shipping-taxable","16":"purchasable","17":"product-type-simple"},"_links":{"self":[{"href":"https:\/\/kasskoer.ee\/en\/wp-json\/wp\/v2\/product\/16112","targetHints":{"allow":["GET"]}}],"collection":[{"href":"https:\/\/kasskoer.ee\/en\/wp-json\/wp\/v2\/product"}],"about":[{"href":"https:\/\/kasskoer.ee\/en\/wp-json\/wp\/v2\/types\/product"}],"wp:featuredmedia":[{"embeddable":true,"href":"https:\/\/kasskoer.ee\/en\/wp-json\/wp\/v2\/media\/13116"}],"wp:attachment":[{"href":"https:\/\/kasskoer.ee\/en\/wp-json\/wp\/v2\/media?parent=16112"}],"wp:term":[{"taxonomy":"product_cat","embeddable":true,"href":"https:\/\/kasskoer.ee\/en\/wp-json\/wp\/v2\/product_cat?post=16112"},{"taxonomy":"product_tag","embeddable":true,"href":"https:\/\/kasskoer.ee\/en\/wp-json\/wp\/v2\/product_tag?post=16112"}],"curies":[{"name":"wp","href":"https:\/\/api.w.org\/{rel}","templated":true}]}}