{"id":16118,"date":"2026-04-20T03:10:58","date_gmt":"2026-04-20T00:10:58","guid":{"rendered":"https:\/\/kasskoer.ee\/product\/flamingo-metallkauss-koerale-o-215cm-16l-2\/"},"modified":"2026-04-20T03:11:00","modified_gmt":"2026-04-20T00:11:00","slug":"flamingo-metallkauss-koerale-o-215cm-16l","status":"publish","type":"product","link":"https:\/\/kasskoer.ee\/en\/toode\/flamingo-metallkauss-koerale-o-215cm-16l\/","title":{"rendered":"Flamingo metallkauss koerale \u00f8 21,5cm &#8211; 1,6L"},"content":{"rendered":"<ul>\n<li>Kausil on kummist alus, mis muudab&nbsp;kausi libisemiskindlaks.<\/li>\n<li>Kauss on n\u00f5udepesumasinas pestav.<\/li>\n<\/ul>\n","protected":false},"excerpt":{"rendered":"<p>Flamingo libisemisvastase p\u00f5hjaga s\u00f6\u00f6gi- ja joogin\u00f5u koerale.<\/p>\n","protected":false},"featured_media":13122,"template":"","meta":[],"product_cat":[1319],"product_tag":[],"class_list":{"0":"post-16118","1":"product","2":"type-product","3":"status-publish","4":"has-post-thumbnail","6":"product_cat-koerte-sooginoud","7":"pa_brand-flamingo","8":"pa_ean-905","9":"pa_kaal-0-270","10":"pa_tootjariik-india","12":"first","13":"outofstock","14":"taxable","15":"shipping-taxable","16":"purchasable","17":"product-type-simple"},"_links":{"self":[{"href":"https:\/\/kasskoer.ee\/en\/wp-json\/wp\/v2\/product\/16118","targetHints":{"allow":["GET"]}}],"collection":[{"href":"https:\/\/kasskoer.ee\/en\/wp-json\/wp\/v2\/product"}],"about":[{"href":"https:\/\/kasskoer.ee\/en\/wp-json\/wp\/v2\/types\/product"}],"wp:featuredmedia":[{"embeddable":true,"href":"https:\/\/kasskoer.ee\/en\/wp-json\/wp\/v2\/media\/13122"}],"wp:attachment":[{"href":"https:\/\/kasskoer.ee\/en\/wp-json\/wp\/v2\/media?parent=16118"}],"wp:term":[{"taxonomy":"product_cat","embeddable":true,"href":"https:\/\/kasskoer.ee\/en\/wp-json\/wp\/v2\/product_cat?post=16118"},{"taxonomy":"product_tag","embeddable":true,"href":"https:\/\/kasskoer.ee\/en\/wp-json\/wp\/v2\/product_tag?post=16118"}],"curies":[{"name":"wp","href":"https:\/\/api.w.org\/{rel}","templated":true}]}}