{"id":16122,"date":"2026-04-20T03:10:58","date_gmt":"2026-04-20T00:10:58","guid":{"rendered":"https:\/\/kasskoer.ee\/product\/flamingo-libisemisvastase-pohjaga-kauss-pikkade-korvadega-koerale-o-16cm-640ml-2\/"},"modified":"2026-04-20T03:11:00","modified_gmt":"2026-04-20T00:11:00","slug":"flamingo-libisemisvastase-pohjaga-kauss-pikkade-korvadega-koerale-o-16cm-640ml","status":"publish","type":"product","link":"https:\/\/kasskoer.ee\/en\/toode\/flamingo-libisemisvastase-pohjaga-kauss-pikkade-korvadega-koerale-o-16cm-640ml\/","title":{"rendered":"Flamingo libisemisvastase p\u00f5hjaga kauss pikkade k\u00f5rvadega koerale \u00f8 16cm &#8211; 640ml"},"content":{"rendered":"<ul>\n<li>Kausil on kummist alus, mis muudab&nbsp;kausi libisemiskindlaks.<\/li>\n<li>Kauss on n\u00f5udepesumasinas pestav.<\/li>\n<\/ul>\n","protected":false},"excerpt":{"rendered":"<p>Flamingo libisemisvastase p\u00f5hjaga metallkauss, mis sobib t\u00f5ugudele, kellel on pikad k\u00f5rvad.<\/p>\n","protected":false},"featured_media":13128,"template":"","meta":[],"product_cat":[1319],"product_tag":[],"class_list":{"0":"post-16122","1":"product","2":"type-product","3":"status-publish","4":"has-post-thumbnail","6":"product_cat-koerte-sooginoud","7":"pa_brand-flamingo","8":"pa_ean-965","9":"pa_kaal-0-130","10":"pa_tootjariik-india","12":"first","13":"outofstock","14":"taxable","15":"shipping-taxable","16":"purchasable","17":"product-type-simple"},"_links":{"self":[{"href":"https:\/\/kasskoer.ee\/en\/wp-json\/wp\/v2\/product\/16122","targetHints":{"allow":["GET"]}}],"collection":[{"href":"https:\/\/kasskoer.ee\/en\/wp-json\/wp\/v2\/product"}],"about":[{"href":"https:\/\/kasskoer.ee\/en\/wp-json\/wp\/v2\/types\/product"}],"wp:featuredmedia":[{"embeddable":true,"href":"https:\/\/kasskoer.ee\/en\/wp-json\/wp\/v2\/media\/13128"}],"wp:attachment":[{"href":"https:\/\/kasskoer.ee\/en\/wp-json\/wp\/v2\/media?parent=16122"}],"wp:term":[{"taxonomy":"product_cat","embeddable":true,"href":"https:\/\/kasskoer.ee\/en\/wp-json\/wp\/v2\/product_cat?post=16122"},{"taxonomy":"product_tag","embeddable":true,"href":"https:\/\/kasskoer.ee\/en\/wp-json\/wp\/v2\/product_tag?post=16122"}],"curies":[{"name":"wp","href":"https:\/\/api.w.org\/{rel}","templated":true}]}}