{"id":16124,"date":"2026-04-20T03:10:58","date_gmt":"2026-04-20T00:10:58","guid":{"rendered":"https:\/\/kasskoer.ee\/product\/flamingo-kauss-pikakorvalistele-koertele-must-o-15cm-09l-2\/"},"modified":"2026-04-20T03:11:00","modified_gmt":"2026-04-20T00:11:00","slug":"flamingo-kauss-pikakorvalistele-koertele-must-o-15cm-09l","status":"publish","type":"product","link":"https:\/\/kasskoer.ee\/en\/toode\/flamingo-kauss-pikakorvalistele-koertele-must-o-15cm-09l\/","title":{"rendered":"Flamingo kauss pikak\u00f5rvalistele koertele must \u00f8 15cm &#8211; 0,9L"},"content":{"rendered":"<p>Praktiline toidukauss pikak\u00f5rvalistele koertele. Selle k\u00f5rge kuju ei lase k\u00f5rvadel vette v\u00f5i toidu sisse minna, v\u00f5imaldades Teie karvasel s\u00f5bral rahus s\u00fc\u00fca.&#13;<\/p>\n<li>Libisemisvastase p\u00f5hjaga.<\/li>\n<p>&#13;<\/p>\n<li>Kauss on n\u00f5udepesumasinas pestav.<\/li>\n<p>&#13;<\/p>\n<li>Valmistatud roostevabast terasest.<\/li>\n","protected":false},"excerpt":{"rendered":"<p>Flamingo pikkade k\u00f5rvadega koertele m\u00f5eldud musta v\u00e4rvi s\u00f6\u00f6gin\u00f5u.<\/p>\n","protected":false},"featured_media":13130,"template":"","meta":[],"product_cat":[1319],"product_tag":[],"class_list":{"0":"post-16124","1":"product","2":"type-product","3":"status-publish","4":"has-post-thumbnail","6":"product_cat-koerte-sooginoud","7":"pa_brand-flamingo","8":"pa_ean-2282","9":"pa_kaal-0-200","10":"pa_tootjariik-india","12":"first","13":"instock","14":"taxable","15":"shipping-taxable","16":"purchasable","17":"product-type-simple"},"_links":{"self":[{"href":"https:\/\/kasskoer.ee\/en\/wp-json\/wp\/v2\/product\/16124","targetHints":{"allow":["GET"]}}],"collection":[{"href":"https:\/\/kasskoer.ee\/en\/wp-json\/wp\/v2\/product"}],"about":[{"href":"https:\/\/kasskoer.ee\/en\/wp-json\/wp\/v2\/types\/product"}],"wp:featuredmedia":[{"embeddable":true,"href":"https:\/\/kasskoer.ee\/en\/wp-json\/wp\/v2\/media\/13130"}],"wp:attachment":[{"href":"https:\/\/kasskoer.ee\/en\/wp-json\/wp\/v2\/media?parent=16124"}],"wp:term":[{"taxonomy":"product_cat","embeddable":true,"href":"https:\/\/kasskoer.ee\/en\/wp-json\/wp\/v2\/product_cat?post=16124"},{"taxonomy":"product_tag","embeddable":true,"href":"https:\/\/kasskoer.ee\/en\/wp-json\/wp\/v2\/product_tag?post=16124"}],"curies":[{"name":"wp","href":"https:\/\/api.w.org\/{rel}","templated":true}]}}