{"id":16126,"date":"2026-04-20T03:10:58","date_gmt":"2026-04-20T00:10:58","guid":{"rendered":"https:\/\/kasskoer.ee\/product\/flamingo-hall-soogi-ja-jooginou-pikakorvalisetele-koertele-09l-15cm-2\/"},"modified":"2026-04-20T03:11:00","modified_gmt":"2026-04-20T00:11:00","slug":"flamingo-hall-soogi-ja-jooginou-pikakorvalisetele-koertele-09l-15cm","status":"publish","type":"product","link":"https:\/\/kasskoer.ee\/en\/toode\/flamingo-hall-soogi-ja-jooginou-pikakorvalisetele-koertele-09l-15cm\/","title":{"rendered":"Flamingo hall s\u00f6\u00f6gi ja joogin\u00f5u pikak\u00f5rvalisetele koertele 0,9L 15cm"},"content":{"rendered":"<p>Flamingo halli v\u00e4rvi s\u00f6\u00f6gi ja joogin\u00f5u pikkade k\u00f5rvadega koertele.&#13;<\/p>\n<li>Kausil on libisemisvastane p\u00f5hi.<\/li>\n<p>&#13;<\/p>\n<li>Kauss on n\u00f5udepesumasinas pestav.<\/li>\n","protected":false},"excerpt":{"rendered":"<p>Flamingo hall s\u00f6\u00f6gi ja joogikauss mis oma omaduste poolest sobib h\u00e4sti ka pikak\u00f5rvalisetele koertele.<\/p>\n","protected":false},"featured_media":13132,"template":"","meta":[],"product_cat":[1319],"product_tag":[],"class_list":{"0":"post-16126","1":"product","2":"type-product","3":"status-publish","4":"has-post-thumbnail","6":"product_cat-koerte-sooginoud","7":"pa_brand-flamingo","8":"pa_ean-1422","9":"pa_kaal-0-170","10":"pa_tootjariik-india","12":"first","13":"instock","14":"taxable","15":"shipping-taxable","16":"purchasable","17":"product-type-simple"},"_links":{"self":[{"href":"https:\/\/kasskoer.ee\/en\/wp-json\/wp\/v2\/product\/16126","targetHints":{"allow":["GET"]}}],"collection":[{"href":"https:\/\/kasskoer.ee\/en\/wp-json\/wp\/v2\/product"}],"about":[{"href":"https:\/\/kasskoer.ee\/en\/wp-json\/wp\/v2\/types\/product"}],"wp:featuredmedia":[{"embeddable":true,"href":"https:\/\/kasskoer.ee\/en\/wp-json\/wp\/v2\/media\/13132"}],"wp:attachment":[{"href":"https:\/\/kasskoer.ee\/en\/wp-json\/wp\/v2\/media?parent=16126"}],"wp:term":[{"taxonomy":"product_cat","embeddable":true,"href":"https:\/\/kasskoer.ee\/en\/wp-json\/wp\/v2\/product_cat?post=16126"},{"taxonomy":"product_tag","embeddable":true,"href":"https:\/\/kasskoer.ee\/en\/wp-json\/wp\/v2\/product_tag?post=16126"}],"curies":[{"name":"wp","href":"https:\/\/api.w.org\/{rel}","templated":true}]}}