{"id":16146,"date":"2026-04-20T03:10:58","date_gmt":"2026-04-20T00:10:58","guid":{"rendered":"https:\/\/kasskoer.ee\/product\/flamingo-kirjutatava-pinnaga-kauss-koerale-o-25cm-37l-2\/"},"modified":"2026-04-20T03:11:01","modified_gmt":"2026-04-20T00:11:01","slug":"flamingo-kirjutatava-pinnaga-kauss-koerale-o-25cm-37l","status":"publish","type":"product","link":"https:\/\/kasskoer.ee\/en\/toode\/flamingo-kirjutatava-pinnaga-kauss-koerale-o-25cm-37l\/","title":{"rendered":"Flamingo kirjutatava pinnaga kauss koerale \u00f8 25cm &#8211; 3,7L"},"content":{"rendered":"<ul>\n<li>Kriidiga peale kirjutatav kauss loob l\u00f5putuid v\u00f5imalusi kausi isikup\u00e4rastamiseks.&nbsp;<\/li>\n<li>Kausil on libisemisvastane p\u00f5hi.<\/li>\n<li>Kauss on n\u00f5udepesumasinas pestav.<\/li>\n<\/ul>\n","protected":false},"excerpt":{"rendered":"<p>Flamingo kriidiga peale kirjutatava pinnaga metallkauss koerale.<\/p>\n","protected":false},"featured_media":13150,"template":"","meta":[],"product_cat":[1319],"product_tag":[],"class_list":{"0":"post-16146","1":"product","2":"type-product","3":"status-publish","4":"has-post-thumbnail","6":"product_cat-koerte-sooginoud","7":"pa_brand-flamingo","8":"pa_ean-988","9":"pa_kaal-0-350","10":"pa_tootjariik-india","12":"first","13":"instock","14":"taxable","15":"shipping-taxable","16":"purchasable","17":"product-type-simple"},"_links":{"self":[{"href":"https:\/\/kasskoer.ee\/en\/wp-json\/wp\/v2\/product\/16146","targetHints":{"allow":["GET"]}}],"collection":[{"href":"https:\/\/kasskoer.ee\/en\/wp-json\/wp\/v2\/product"}],"about":[{"href":"https:\/\/kasskoer.ee\/en\/wp-json\/wp\/v2\/types\/product"}],"wp:featuredmedia":[{"embeddable":true,"href":"https:\/\/kasskoer.ee\/en\/wp-json\/wp\/v2\/media\/13150"}],"wp:attachment":[{"href":"https:\/\/kasskoer.ee\/en\/wp-json\/wp\/v2\/media?parent=16146"}],"wp:term":[{"taxonomy":"product_cat","embeddable":true,"href":"https:\/\/kasskoer.ee\/en\/wp-json\/wp\/v2\/product_cat?post=16146"},{"taxonomy":"product_tag","embeddable":true,"href":"https:\/\/kasskoer.ee\/en\/wp-json\/wp\/v2\/product_tag?post=16146"}],"curies":[{"name":"wp","href":"https:\/\/api.w.org\/{rel}","templated":true}]}}