{"id":16148,"date":"2026-04-20T03:10:58","date_gmt":"2026-04-20T00:10:58","guid":{"rendered":"https:\/\/kasskoer.ee\/product\/flamingo-sinine-matt-aeglaseks-soomiseks-m-2\/"},"modified":"2026-04-20T03:11:01","modified_gmt":"2026-04-20T00:11:01","slug":"flamingo-sinine-matt-aeglaseks-soomiseks-m","status":"publish","type":"product","link":"https:\/\/kasskoer.ee\/en\/toode\/flamingo-sinine-matt-aeglaseks-soomiseks-m\/","title":{"rendered":"Flamingo sinine matt aeglaseks s\u00f6\u00f6miseks M"},"content":{"rendered":"<li>Matt on ideaalne koera t\u00e4helepanu k\u00f5rvalejuhtimiseks v\u00f5i igavuse peletamiseks.<\/li>\n<p>&#13;<\/p>\n<li>Lihtsalt m\u00e4\u00e4ri pasteeti v\u00f5i muud pehmet koeratoitu matile ja lase oma lemmikul nautida.<\/li>\n<p>&#13;<\/p>\n<li>Mati tagak\u00fcljel asuvad 3 iminappa, mis hoiavad mati kindlalt \u00fche koha peal.<\/li>\n<p>&#13;<br \/>\n<br \/>&#13;<br \/>\nMati m\u00f5\u00f5tmed: 21,8&#215;12,8cm.<br \/>&#13;<br \/>\nMatt on n\u00f5udepesumasinas pestav.<\/p>\n","protected":false},"excerpt":{"rendered":"<p>Flamingo sinine matt aeglaseks s\u00f6\u00f6miseks koerale.<\/p>\n","protected":false},"featured_media":13152,"template":"","meta":[],"product_cat":[688,365],"product_tag":[],"class_list":{"0":"post-16148","1":"product","2":"type-product","3":"status-publish","4":"has-post-thumbnail","6":"product_cat-koerad","7":"product_cat-koerte-tarvikud","8":"pa_brand-flamingo","9":"pa_ean-1228","10":"pa_kaal-0-300","11":"pa_tootjariik-hiina","13":"first","14":"instock","15":"taxable","16":"shipping-taxable","17":"purchasable","18":"product-type-simple"},"_links":{"self":[{"href":"https:\/\/kasskoer.ee\/en\/wp-json\/wp\/v2\/product\/16148","targetHints":{"allow":["GET"]}}],"collection":[{"href":"https:\/\/kasskoer.ee\/en\/wp-json\/wp\/v2\/product"}],"about":[{"href":"https:\/\/kasskoer.ee\/en\/wp-json\/wp\/v2\/types\/product"}],"wp:featuredmedia":[{"embeddable":true,"href":"https:\/\/kasskoer.ee\/en\/wp-json\/wp\/v2\/media\/13152"}],"wp:attachment":[{"href":"https:\/\/kasskoer.ee\/en\/wp-json\/wp\/v2\/media?parent=16148"}],"wp:term":[{"taxonomy":"product_cat","embeddable":true,"href":"https:\/\/kasskoer.ee\/en\/wp-json\/wp\/v2\/product_cat?post=16148"},{"taxonomy":"product_tag","embeddable":true,"href":"https:\/\/kasskoer.ee\/en\/wp-json\/wp\/v2\/product_tag?post=16148"}],"curies":[{"name":"wp","href":"https:\/\/api.w.org\/{rel}","templated":true}]}}