{"id":16156,"date":"2026-04-20T03:10:58","date_gmt":"2026-04-20T00:10:58","guid":{"rendered":"https:\/\/kasskoer.ee\/product\/flamingo-kupsised-taiskasvanud-koerale-500g-3\/"},"modified":"2026-04-20T03:11:01","modified_gmt":"2026-04-20T00:11:01","slug":"flamingo-kupsised-taiskasvanud-koerale-500g","status":"publish","type":"product","link":"https:\/\/kasskoer.ee\/en\/toode\/flamingo-kupsised-taiskasvanud-koerale-500g\/","title":{"rendered":"Flamingo k\u00fcpsised t\u00e4iskasvanud koerale 500g"},"content":{"rendered":"<p>T\u00e4iendtoit t\u00e4iskasvanud koertele.<br \/>&#13;<br \/>\n<br \/>&#13;<br \/>\n<b>Koostis<\/b><br \/>&#13;<br \/>\nTeraviljad, gl\u00fckoos (9,4%), liha ja loomsed saadused,  mineraalid, \u00f5lid ja rasvad.<br \/>&#13;<br \/>\n<br \/>&#13;<br \/>\n<b>Anal\u00fc\u00fctilised koostisosad<\/b><br \/>&#13;<br \/>\nToorvalk 11,6%, niiskus 10%, toorrasvad 5,2%, toortuhk 4,5%, toorkiud 0,8%.<br \/>&#13;<br \/>\n<br \/>&#13;<br \/>\n<strong>Soovituslik p\u00e4evane kogus<\/strong>&#13;<\/p>\n<table class=\" cke_show_border\" width=\"300\">&#13;<\/p>\n<tbody>&#13;<\/p>\n<tr>&#13;<\/p>\n<td>Koera kaal (kg)<\/td>\n<p>&#13;<\/p>\n<td>3-15 kg<\/td>\n<p>&#13;<\/p>\n<td>15-25 kg<\/td>\n<p>&#13;<\/p>\n<td>25-60 kg<\/td>\n<p>&#13;<br \/>\n<\/tr>\n<p>&#13;<\/p>\n<tr>&#13;<\/p>\n<td>P\u00e4evane kogus<\/td>\n<p>&#13;<\/p>\n<td>4-5 tk<\/td>\n<p>&#13;<\/p>\n<td>8-10 tk<\/td>\n<p>&#13;<\/p>\n<td>15-18 tk<\/td>\n<p>&#13;<br \/>\n<\/tr>\n<p>&#13;<br \/>\n<\/tbody>\n<p>&#13;<br \/>\n<\/table>\n<p>&#13;<br \/>\n<br \/>&#13;<br \/>\nValmistatud EU-s.<\/p>\n","protected":false},"excerpt":{"rendered":"<p>Flamingo ahjus k\u00fcpsetatud s\u00fcdamekujulised koerak\u00fcpsised.<\/p>\n","protected":false},"featured_media":13158,"template":"","meta":[],"product_cat":[1210,688],"product_tag":[],"class_list":{"0":"post-16156","1":"product","2":"type-product","3":"status-publish","4":"has-post-thumbnail","6":"product_cat-koerte-maiused","7":"product_cat-koerad","8":"pa_brand-flamingo","9":"pa_ean-2069","10":"pa_kaal-0-500","11":"pa_tootjariik-euroopa-liit","13":"first","14":"outofstock","15":"taxable","16":"shipping-taxable","17":"purchasable","18":"product-type-simple"},"_links":{"self":[{"href":"https:\/\/kasskoer.ee\/en\/wp-json\/wp\/v2\/product\/16156","targetHints":{"allow":["GET"]}}],"collection":[{"href":"https:\/\/kasskoer.ee\/en\/wp-json\/wp\/v2\/product"}],"about":[{"href":"https:\/\/kasskoer.ee\/en\/wp-json\/wp\/v2\/types\/product"}],"wp:featuredmedia":[{"embeddable":true,"href":"https:\/\/kasskoer.ee\/en\/wp-json\/wp\/v2\/media\/13158"}],"wp:attachment":[{"href":"https:\/\/kasskoer.ee\/en\/wp-json\/wp\/v2\/media?parent=16156"}],"wp:term":[{"taxonomy":"product_cat","embeddable":true,"href":"https:\/\/kasskoer.ee\/en\/wp-json\/wp\/v2\/product_cat?post=16156"},{"taxonomy":"product_tag","embeddable":true,"href":"https:\/\/kasskoer.ee\/en\/wp-json\/wp\/v2\/product_tag?post=16156"}],"curies":[{"name":"wp","href":"https:\/\/api.w.org\/{rel}","templated":true}]}}