{"id":16157,"date":"2026-04-20T03:10:58","date_gmt":"2026-04-20T00:10:58","guid":{"rendered":"https:\/\/kasskoer.ee\/product\/flamingo-kupsised-taiskasvanud-koerale-500g-4\/"},"modified":"2026-04-20T03:11:01","modified_gmt":"2026-04-20T00:11:01","slug":"flamingo-kupsised-taiskasvanud-koerale-500g-2","status":"publish","type":"product","link":"https:\/\/kasskoer.ee\/en\/toode\/flamingo-kupsised-taiskasvanud-koerale-500g-2\/","title":{"rendered":"Flamingo k\u00fcpsised t\u00e4iskasvanud koerale 500g"},"content":{"rendered":"<p>T\u00e4iendtoit t\u00e4iskasvanud koertele.<br \/>&#13;<br \/>\n<br \/>&#13;<br \/>\n<b>Koostis<\/b><br \/>&#13;<br \/>\nTeraviljad, gl\u00fckoos (7,5%), mineraalid, \u00f5lid ja rasvad, liha ja loomsed saadused, taimsed k\u00f5rvalsaadused.<br \/>&#13;<br \/>\n<br \/>&#13;<br \/>\n<b>Anal\u00fc\u00fctilised koostisosad<\/b><br \/>&#13;<br \/>\nToorvalk 10,7%, niiskus 10%, toorrasvad 4,9%, toortuhk 4,8%, toorkiud 1,2%.<br \/>&#13;<br \/>\n<br \/>&#13;<br \/>\n<strong>Soovituslik p\u00e4evane kogus<\/strong>&#13;<\/p>\n<table class=\" cke_show_border\" width=\"300\">&#13;<\/p>\n<tbody>&#13;<\/p>\n<tr>&#13;<\/p>\n<td>Koera kaal (kg)<\/td>\n<p>&#13;<\/p>\n<td>3-15 kg<\/td>\n<p>&#13;<\/p>\n<td>15-25 kg<\/td>\n<p>&#13;<\/p>\n<td>25-60 kg<\/td>\n<p>&#13;<br \/>\n&#13;<br \/>\n<\/tr>\n<p>&#13;<\/p>\n<tr>&#13;<\/p>\n<td>P\u00e4evane kogus<\/td>\n<p>&#13;<\/p>\n<td>4-5 tk<\/td>\n<p>&#13;<\/p>\n<td>8-10 tk<\/td>\n<p>&#13;<\/p>\n<td>15-18 tk<\/td>\n<p>&#13;<br \/>\n&#13;<br \/>\n<\/tr>\n<p>&#13;<br \/>\n<\/tbody>\n<p>&#13;<br \/>\n<\/table>\n<p>&#13;<br \/>\n&#13;<br \/>\nValmistatud EU-s.<\/p>\n","protected":false},"excerpt":{"rendered":"<p>Flamingo ahjus k\u00fcpsetatud koerak\u00fcpsised.<\/p>\n","protected":false},"featured_media":13160,"template":"","meta":[],"product_cat":[1210,688],"product_tag":[],"class_list":{"0":"post-16157","1":"product","2":"type-product","3":"status-publish","4":"has-post-thumbnail","6":"product_cat-koerte-maiused","7":"product_cat-koerad","8":"pa_brand-flamingo","9":"pa_ean-1344","10":"pa_kaal-0-500","11":"pa_tootjariik-euroopa-liit","13":"first","14":"outofstock","15":"taxable","16":"shipping-taxable","17":"purchasable","18":"product-type-simple"},"_links":{"self":[{"href":"https:\/\/kasskoer.ee\/en\/wp-json\/wp\/v2\/product\/16157","targetHints":{"allow":["GET"]}}],"collection":[{"href":"https:\/\/kasskoer.ee\/en\/wp-json\/wp\/v2\/product"}],"about":[{"href":"https:\/\/kasskoer.ee\/en\/wp-json\/wp\/v2\/types\/product"}],"wp:featuredmedia":[{"embeddable":true,"href":"https:\/\/kasskoer.ee\/en\/wp-json\/wp\/v2\/media\/13160"}],"wp:attachment":[{"href":"https:\/\/kasskoer.ee\/en\/wp-json\/wp\/v2\/media?parent=16157"}],"wp:term":[{"taxonomy":"product_cat","embeddable":true,"href":"https:\/\/kasskoer.ee\/en\/wp-json\/wp\/v2\/product_cat?post=16157"},{"taxonomy":"product_tag","embeddable":true,"href":"https:\/\/kasskoer.ee\/en\/wp-json\/wp\/v2\/product_tag?post=16157"}],"curies":[{"name":"wp","href":"https:\/\/api.w.org\/{rel}","templated":true}]}}