{"id":16165,"date":"2026-04-20T03:15:00","date_gmt":"2026-04-20T00:15:00","guid":{"rendered":"https:\/\/kasskoer.ee\/product\/flamingo-koielelu-kutsikale-sinine-20cm-2\/"},"modified":"2026-04-20T03:15:00","modified_gmt":"2026-04-20T00:15:00","slug":"flamingo-koielelu-kutsikale-sinine-20cm","status":"publish","type":"product","link":"https:\/\/kasskoer.ee\/en\/toode\/flamingo-koielelu-kutsikale-sinine-20cm\/","title":{"rendered":"Flamingo k\u00f6ielelu kutsikale sinine 20cm"},"content":{"rendered":"<p><b>Ideaalne lelu oma karvase s\u00f5braga koos m\u00e4ngimiseks.<\/b>&#13;<\/p>\n<li>Tugev lelu, mis talub karmi m\u00e4ngu ega kahjusta Teie kutsika hambaid.<\/li>\n<p>&#13;<\/p>\n<li>Valmistatud pol\u00fcestrist.<\/li>\n<p>&#13;<br \/>\n<b>M\u00f5\u00f5tmed<\/b><br \/>&#13;<br \/>\n20&#215;4 cm<\/p>\n","protected":false},"excerpt":{"rendered":"<p>Flamingo sinine s\u00f5lmedega k\u00f6is kutsikale.<\/p>\n","protected":false},"featured_media":13166,"template":"","meta":[],"product_cat":[1326,688],"product_tag":[],"class_list":{"0":"post-16165","1":"product","2":"type-product","3":"status-publish","4":"has-post-thumbnail","6":"product_cat-koerte-manguasjad","7":"product_cat-koerad","8":"pa_brand-flamingo","9":"pa_ean-2245","10":"pa_kaal-0-030","11":"pa_tootjariik-hiina","13":"first","14":"instock","15":"taxable","16":"shipping-taxable","17":"purchasable","18":"product-type-simple"},"_links":{"self":[{"href":"https:\/\/kasskoer.ee\/en\/wp-json\/wp\/v2\/product\/16165","targetHints":{"allow":["GET"]}}],"collection":[{"href":"https:\/\/kasskoer.ee\/en\/wp-json\/wp\/v2\/product"}],"about":[{"href":"https:\/\/kasskoer.ee\/en\/wp-json\/wp\/v2\/types\/product"}],"wp:featuredmedia":[{"embeddable":true,"href":"https:\/\/kasskoer.ee\/en\/wp-json\/wp\/v2\/media\/13166"}],"wp:attachment":[{"href":"https:\/\/kasskoer.ee\/en\/wp-json\/wp\/v2\/media?parent=16165"}],"wp:term":[{"taxonomy":"product_cat","embeddable":true,"href":"https:\/\/kasskoer.ee\/en\/wp-json\/wp\/v2\/product_cat?post=16165"},{"taxonomy":"product_tag","embeddable":true,"href":"https:\/\/kasskoer.ee\/en\/wp-json\/wp\/v2\/product_tag?post=16165"}],"curies":[{"name":"wp","href":"https:\/\/api.w.org\/{rel}","templated":true}]}}