{"id":16173,"date":"2026-04-20T03:15:00","date_gmt":"2026-04-20T00:15:00","guid":{"rendered":"https:\/\/kasskoer.ee\/product\/flamingo-noorilelu-kaheksajalg-koerale-30cm-2\/"},"modified":"2026-04-20T03:15:01","modified_gmt":"2026-04-20T00:15:01","slug":"flamingo-noorilelu-kaheksajalg-koerale-30cm","status":"publish","type":"product","link":"https:\/\/kasskoer.ee\/en\/toode\/flamingo-noorilelu-kaheksajalg-koerale-30cm\/","title":{"rendered":"Flamingo n\u00f6\u00f6rilelu &#8220;Kaheksajalg&#8221; koerale 30cm"},"content":{"rendered":"<li>N\u00f6\u00f6rilelu on tugev ja vastupidav m\u00e4nguasi, millega m\u00e4ngimine aitab puhastada koera hambaid ja igemeid.<\/li>\n<p>&#13;<\/p>\n<li>Lelu pikkus 30cm, keskmise n\u00f6\u00f6ripalli suurus \u00f8 8cm.<\/li>\n","protected":false},"excerpt":{"rendered":"<p>Flamingo oran\u017ei ja halli v\u00e4rvi n\u00f6\u00f6rilelu koerale.<\/p>\n","protected":false},"featured_media":13172,"template":"","meta":[],"product_cat":[1326,688],"product_tag":[],"class_list":{"0":"post-16173","1":"product","2":"type-product","3":"status-publish","4":"has-post-thumbnail","6":"product_cat-koerte-manguasjad","7":"product_cat-koerad","8":"pa_brand-flamingo","9":"pa_ean-1345","10":"pa_kaal-0-200","11":"pa_tootjariik-hiina","13":"first","14":"outofstock","15":"taxable","16":"shipping-taxable","17":"purchasable","18":"product-type-simple"},"_links":{"self":[{"href":"https:\/\/kasskoer.ee\/en\/wp-json\/wp\/v2\/product\/16173","targetHints":{"allow":["GET"]}}],"collection":[{"href":"https:\/\/kasskoer.ee\/en\/wp-json\/wp\/v2\/product"}],"about":[{"href":"https:\/\/kasskoer.ee\/en\/wp-json\/wp\/v2\/types\/product"}],"wp:featuredmedia":[{"embeddable":true,"href":"https:\/\/kasskoer.ee\/en\/wp-json\/wp\/v2\/media\/13172"}],"wp:attachment":[{"href":"https:\/\/kasskoer.ee\/en\/wp-json\/wp\/v2\/media?parent=16173"}],"wp:term":[{"taxonomy":"product_cat","embeddable":true,"href":"https:\/\/kasskoer.ee\/en\/wp-json\/wp\/v2\/product_cat?post=16173"},{"taxonomy":"product_tag","embeddable":true,"href":"https:\/\/kasskoer.ee\/en\/wp-json\/wp\/v2\/product_tag?post=16173"}],"curies":[{"name":"wp","href":"https:\/\/api.w.org\/{rel}","templated":true}]}}