{"id":16175,"date":"2026-04-20T03:15:00","date_gmt":"2026-04-20T00:15:00","guid":{"rendered":"https:\/\/kasskoer.ee\/product\/flamingo-pehme-manguasi-huaan-koerale-28cm-2\/"},"modified":"2026-04-20T03:15:01","modified_gmt":"2026-04-20T00:15:01","slug":"flamingo-pehme-manguasi-huaan-koerale-28cm","status":"publish","type":"product","link":"https:\/\/kasskoer.ee\/en\/toode\/flamingo-pehme-manguasi-huaan-koerale-28cm\/","title":{"rendered":"Flamingo pehme m\u00e4nguasi H\u00fc\u00e4\u00e4n koerale 28cm"},"content":{"rendered":"<p>M\u00e4nguasi on valmistatud vastupidavatest materjalidest, nii j\u00e4tkub koerale l\u00f5bu pikemaks ajaks.<br \/>&#13;<br \/>\n<br \/>&#13;<br \/>\n<b>M\u00f5\u00f5dud<\/b><br \/>&#13;<br \/>\n28x10x18cm<\/p>\n","protected":false},"excerpt":{"rendered":"<p>Flamingo pehme piiksuv h\u00fc\u00e4\u00e4n koerale.<\/p>\n","protected":false},"featured_media":13174,"template":"","meta":[],"product_cat":[1326,688],"product_tag":[],"class_list":{"0":"post-16175","1":"product","2":"type-product","3":"status-publish","4":"has-post-thumbnail","6":"product_cat-koerte-manguasjad","7":"product_cat-koerad","8":"pa_brand-flamingo","9":"pa_ean-1346","10":"pa_kaal-0-130","11":"pa_tootjariik-hiina","13":"first","14":"instock","15":"taxable","16":"shipping-taxable","17":"purchasable","18":"product-type-simple"},"_links":{"self":[{"href":"https:\/\/kasskoer.ee\/en\/wp-json\/wp\/v2\/product\/16175","targetHints":{"allow":["GET"]}}],"collection":[{"href":"https:\/\/kasskoer.ee\/en\/wp-json\/wp\/v2\/product"}],"about":[{"href":"https:\/\/kasskoer.ee\/en\/wp-json\/wp\/v2\/types\/product"}],"wp:featuredmedia":[{"embeddable":true,"href":"https:\/\/kasskoer.ee\/en\/wp-json\/wp\/v2\/media\/13174"}],"wp:attachment":[{"href":"https:\/\/kasskoer.ee\/en\/wp-json\/wp\/v2\/media?parent=16175"}],"wp:term":[{"taxonomy":"product_cat","embeddable":true,"href":"https:\/\/kasskoer.ee\/en\/wp-json\/wp\/v2\/product_cat?post=16175"},{"taxonomy":"product_tag","embeddable":true,"href":"https:\/\/kasskoer.ee\/en\/wp-json\/wp\/v2\/product_tag?post=16175"}],"curies":[{"name":"wp","href":"https:\/\/api.w.org\/{rel}","templated":true}]}}