{"id":16179,"date":"2026-04-20T03:15:00","date_gmt":"2026-04-20T00:15:00","guid":{"rendered":"https:\/\/kasskoer.ee\/product\/flamingo-sinine-narimismanguasi-koerale-27cm-2\/"},"modified":"2026-04-20T03:15:01","modified_gmt":"2026-04-20T00:15:01","slug":"flamingo-sinine-narimismanguasi-koerale-27cm","status":"publish","type":"product","link":"https:\/\/kasskoer.ee\/en\/toode\/flamingo-sinine-narimismanguasi-koerale-27cm\/","title":{"rendered":"Flamingo sinine n\u00e4rimism\u00e4nguasi koerale 27cm"},"content":{"rendered":"<p>Flamingo sinine n\u00e4rimism\u00e4nguasi koerale 27cm.&#13;<\/p>\n<li>Valmistatud mittetoksilisest materjalist.<\/li>\n<p>&#13;<\/p>\n<li>M\u00e4nguasi teeb seda vajutades heli.<\/li>\n<p>&#13;<\/p>\n<li>Aitab korras hoida koera hambad.<\/li>\n","protected":false},"excerpt":{"rendered":"<p>Flamingo n\u00e4rimism\u00e4nguasi koerale, mis aitab hoida hambad tervena.<\/p>\n","protected":false},"featured_media":13178,"template":"","meta":[],"product_cat":[1326,688],"product_tag":[],"class_list":{"0":"post-16179","1":"product","2":"type-product","3":"status-publish","4":"has-post-thumbnail","6":"product_cat-koerte-manguasjad","7":"product_cat-koerad","8":"pa_brand-flamingo","9":"pa_ean-1411","10":"pa_kaal-0-230","11":"pa_tootjariik-hiina","13":"first","14":"outofstock","15":"taxable","16":"shipping-taxable","17":"purchasable","18":"product-type-simple"},"_links":{"self":[{"href":"https:\/\/kasskoer.ee\/en\/wp-json\/wp\/v2\/product\/16179","targetHints":{"allow":["GET"]}}],"collection":[{"href":"https:\/\/kasskoer.ee\/en\/wp-json\/wp\/v2\/product"}],"about":[{"href":"https:\/\/kasskoer.ee\/en\/wp-json\/wp\/v2\/types\/product"}],"wp:featuredmedia":[{"embeddable":true,"href":"https:\/\/kasskoer.ee\/en\/wp-json\/wp\/v2\/media\/13178"}],"wp:attachment":[{"href":"https:\/\/kasskoer.ee\/en\/wp-json\/wp\/v2\/media?parent=16179"}],"wp:term":[{"taxonomy":"product_cat","embeddable":true,"href":"https:\/\/kasskoer.ee\/en\/wp-json\/wp\/v2\/product_cat?post=16179"},{"taxonomy":"product_tag","embeddable":true,"href":"https:\/\/kasskoer.ee\/en\/wp-json\/wp\/v2\/product_tag?post=16179"}],"curies":[{"name":"wp","href":"https:\/\/api.w.org\/{rel}","templated":true}]}}