{"id":16185,"date":"2026-04-20T03:15:00","date_gmt":"2026-04-20T00:15:00","guid":{"rendered":"https:\/\/kasskoer.ee\/product\/flamingo-manguasi-koerale-kummist-umbrisega-tennisepall-roosa-o-11cm-2\/"},"modified":"2026-04-20T03:15:01","modified_gmt":"2026-04-20T00:15:01","slug":"flamingo-manguasi-koerale-kummist-umbrisega-tennisepall-roosa-o-11cm","status":"publish","type":"product","link":"https:\/\/kasskoer.ee\/en\/toode\/flamingo-manguasi-koerale-kummist-umbrisega-tennisepall-roosa-o-11cm\/","title":{"rendered":"Flamingo m\u00e4nguasi koerale kummist \u00fcmbrisega tennisepall roosa \u00f8 11cm"},"content":{"rendered":"<p>Flamingo kummist \u00fcmbrisega tennisepall koerale.&#13;<\/p>\n<li>Valmistatud mittetoksilisest materjalist.<\/li>\n<p>&#13;<\/p>\n<li>M\u00e4nguasi on meeldiva vaarika l\u00f5hnaga.<\/li>\n","protected":false},"excerpt":{"rendered":"<p>Vastupidav vaarika l\u00f5hnaline kummi \u00fcmbrisega tennisepall koerale.<\/p>\n","protected":false},"featured_media":13184,"template":"","meta":[],"product_cat":[1326,688],"product_tag":[],"class_list":{"0":"post-16185","1":"product","2":"type-product","3":"status-publish","4":"has-post-thumbnail","6":"product_cat-koerte-manguasjad","7":"product_cat-koerad","8":"pa_brand-flamingo","9":"pa_ean-1426","10":"pa_kaal-0-200","11":"pa_tootjariik-hiina","13":"first","14":"instock","15":"taxable","16":"shipping-taxable","17":"purchasable","18":"product-type-simple"},"_links":{"self":[{"href":"https:\/\/kasskoer.ee\/en\/wp-json\/wp\/v2\/product\/16185","targetHints":{"allow":["GET"]}}],"collection":[{"href":"https:\/\/kasskoer.ee\/en\/wp-json\/wp\/v2\/product"}],"about":[{"href":"https:\/\/kasskoer.ee\/en\/wp-json\/wp\/v2\/types\/product"}],"wp:featuredmedia":[{"embeddable":true,"href":"https:\/\/kasskoer.ee\/en\/wp-json\/wp\/v2\/media\/13184"}],"wp:attachment":[{"href":"https:\/\/kasskoer.ee\/en\/wp-json\/wp\/v2\/media?parent=16185"}],"wp:term":[{"taxonomy":"product_cat","embeddable":true,"href":"https:\/\/kasskoer.ee\/en\/wp-json\/wp\/v2\/product_cat?post=16185"},{"taxonomy":"product_tag","embeddable":true,"href":"https:\/\/kasskoer.ee\/en\/wp-json\/wp\/v2\/product_tag?post=16185"}],"curies":[{"name":"wp","href":"https:\/\/api.w.org\/{rel}","templated":true}]}}