{"id":16189,"date":"2026-04-20T03:15:00","date_gmt":"2026-04-20T00:15:00","guid":{"rendered":"https:\/\/kasskoer.ee\/product\/flamingo-nariliste-manguasi-ernie-pakis-3tk-2\/"},"modified":"2026-04-20T03:15:01","modified_gmt":"2026-04-20T00:15:01","slug":"flamingo-nariliste-manguasi-ernie-pakis-3tk","status":"publish","type":"product","link":"https:\/\/kasskoer.ee\/en\/toode\/flamingo-nariliste-manguasi-ernie-pakis-3tk\/","title":{"rendered":"Flamingo n\u00e4riliste m\u00e4nguasi Ernie pakis 3tk"},"content":{"rendered":"<p>Flamingo puidust n\u00e4riliste m\u00e4nguasi 3tk pakis.&#13;<\/p>\n<li>Valmistatud puidust.<\/li>\n<p>&#13;<\/p>\n<li>Pakis 3 erinevat m\u00e4nguasja.<\/li>\n<p>&#13;<\/p>\n<li>Aitavad hoida hambad tervetena.<\/li>\n<p>&#13;<\/p>\n<li>Pakub n\u00e4rilistele r\u00f5\u00f5mu ja vaheldust.<\/li>\n<p>&#13;<\/p>\n<li>Soodustab f\u00fc\u00fcsilist tegevust.<\/li>\n<p>&#13;<br \/>\n<br \/>&#13;<br \/>\n<b>M\u00f5\u00f5dud<\/b><br \/>&#13;<br \/>\nKlots: 5cm x 3.2cm x 0.8cm<br \/>&#13;<br \/>\nPulk: 6.7cm x \u00f8 1.9cm<br \/>&#13;<br \/>\nKera: 2cm x \u00f8 3.4cm<\/p>\n","protected":false},"excerpt":{"rendered":"<p>M\u00e4ngi ja n\u00e4ri puidust m\u00e4nguasjad pakuvad n\u00e4rilisele l\u00f5bu ja aitavad hoida hambad korras.<\/p>\n","protected":false},"featured_media":13188,"template":"","meta":[],"product_cat":[1320,693,3078],"product_tag":[],"class_list":{"0":"post-16189","1":"product","2":"type-product","3":"status-publish","4":"has-post-thumbnail","6":"product_cat-nariliste-manguasjad","7":"product_cat-muud-loomad","8":"product_cat-narilised","9":"pa_brand-flamingo","10":"pa_ean-1428","11":"pa_kaal-0-040","12":"pa_tootjariik-hiina","14":"first","15":"instock","16":"taxable","17":"shipping-taxable","18":"purchasable","19":"product-type-simple"},"_links":{"self":[{"href":"https:\/\/kasskoer.ee\/en\/wp-json\/wp\/v2\/product\/16189","targetHints":{"allow":["GET"]}}],"collection":[{"href":"https:\/\/kasskoer.ee\/en\/wp-json\/wp\/v2\/product"}],"about":[{"href":"https:\/\/kasskoer.ee\/en\/wp-json\/wp\/v2\/types\/product"}],"wp:featuredmedia":[{"embeddable":true,"href":"https:\/\/kasskoer.ee\/en\/wp-json\/wp\/v2\/media\/13188"}],"wp:attachment":[{"href":"https:\/\/kasskoer.ee\/en\/wp-json\/wp\/v2\/media?parent=16189"}],"wp:term":[{"taxonomy":"product_cat","embeddable":true,"href":"https:\/\/kasskoer.ee\/en\/wp-json\/wp\/v2\/product_cat?post=16189"},{"taxonomy":"product_tag","embeddable":true,"href":"https:\/\/kasskoer.ee\/en\/wp-json\/wp\/v2\/product_tag?post=16189"}],"curies":[{"name":"wp","href":"https:\/\/api.w.org\/{rel}","templated":true}]}}