{"id":16196,"date":"2026-04-20T03:15:00","date_gmt":"2026-04-20T00:15:00","guid":{"rendered":"https:\/\/kasskoer.ee\/product\/flamingo-klaasist-joogipudel-narilistele-800ml-2\/"},"modified":"2026-04-20T03:15:01","modified_gmt":"2026-04-20T00:15:01","slug":"flamingo-klaasist-joogipudel-narilistele-800ml","status":"publish","type":"product","link":"https:\/\/kasskoer.ee\/en\/toode\/flamingo-klaasist-joogipudel-narilistele-800ml\/","title":{"rendered":"Flamingo klaasist joogipudel n\u00e4rilistele 800ml"},"content":{"rendered":"<ul>\n<li>Pudelis on v\u00e4ike maisit\u00f5lviku kujuga vee indikaator, mis muudab veetaseme vaatamise v\u00e4ga lihtsaks.<\/li>\n<li>Pudelil on v\u00e4ga mugav ja kindel metallist hoidik.<\/li>\n<li>Pudel on tehtud keskkonnas\u00f5bralikust taaskasutatud klaasist.<\/li>\n<li>Pudeli mahutavus 800ml.<\/li>\n<li>Pudeli m\u00f5\u00f5tmed 32&#215;7,5cm.<\/li>\n<\/ul>\n","protected":false},"excerpt":{"rendered":"<p>Flamingo kvaliteetne metallist otsikuga klaasist joogipudel n\u00e4rilistele.<\/p>\n","protected":false},"featured_media":13194,"template":"","meta":[],"product_cat":[1323,693,3078],"product_tag":[],"class_list":{"0":"post-16196","1":"product","2":"type-product","3":"status-publish","4":"has-post-thumbnail","6":"product_cat-nariliste-sooginoud","7":"product_cat-muud-loomad","8":"product_cat-narilised","9":"pa_brand-flamingo","10":"pa_ean-953","11":"pa_kaal-0-600","12":"pa_tootjariik-hiina","14":"first","15":"instock","16":"taxable","17":"shipping-taxable","18":"purchasable","19":"product-type-simple"},"_links":{"self":[{"href":"https:\/\/kasskoer.ee\/en\/wp-json\/wp\/v2\/product\/16196","targetHints":{"allow":["GET"]}}],"collection":[{"href":"https:\/\/kasskoer.ee\/en\/wp-json\/wp\/v2\/product"}],"about":[{"href":"https:\/\/kasskoer.ee\/en\/wp-json\/wp\/v2\/types\/product"}],"wp:featuredmedia":[{"embeddable":true,"href":"https:\/\/kasskoer.ee\/en\/wp-json\/wp\/v2\/media\/13194"}],"wp:attachment":[{"href":"https:\/\/kasskoer.ee\/en\/wp-json\/wp\/v2\/media?parent=16196"}],"wp:term":[{"taxonomy":"product_cat","embeddable":true,"href":"https:\/\/kasskoer.ee\/en\/wp-json\/wp\/v2\/product_cat?post=16196"},{"taxonomy":"product_tag","embeddable":true,"href":"https:\/\/kasskoer.ee\/en\/wp-json\/wp\/v2\/product_tag?post=16196"}],"curies":[{"name":"wp","href":"https:\/\/api.w.org\/{rel}","templated":true}]}}