{"id":16202,"date":"2026-04-20T03:15:00","date_gmt":"2026-04-20T00:15:00","guid":{"rendered":"https:\/\/kasskoer.ee\/product\/flamingo-kassi-manguasi-kummist-pall-pakis-3tk-2\/"},"modified":"2026-04-20T03:15:02","modified_gmt":"2026-04-20T00:15:02","slug":"flamingo-kassi-manguasi-kummist-pall-pakis-3tk","status":"publish","type":"product","link":"https:\/\/kasskoer.ee\/en\/toode\/flamingo-kassi-manguasi-kummist-pall-pakis-3tk\/","title":{"rendered":"Flamingo kassi m\u00e4nguasi kummist pall pakis 3tk"},"content":{"rendered":"<p>Flamingo kassi m\u00e4nguasi kummist pall pakis 3tk.&#13;<\/p>\n<li>Valmistatud mittetoksilisest materjalist.<\/li>\n<p>&#13;<\/p>\n<li>Pakis kolm ernevat palli.<\/li>\n<p>&#13;<\/p>\n<li>Palli suurus: \u00f8 3cm.<\/li>\n","protected":false},"excerpt":{"rendered":"<p>Flamingo palju r\u00f5\u00f5mu pakkuv  m\u00e4ngupallid komplekt kassidele.<\/p>\n","protected":false},"featured_media":13200,"template":"","meta":[],"product_cat":[1321],"product_tag":[],"class_list":{"0":"post-16202","1":"product","2":"type-product","3":"status-publish","4":"has-post-thumbnail","6":"product_cat-kasside-manguasjad","7":"pa_brand-flamingo","8":"pa_ean-1431","9":"pa_kaal-0-050","10":"pa_tootjariik-hiina","12":"first","13":"outofstock","14":"taxable","15":"shipping-taxable","16":"purchasable","17":"product-type-simple"},"_links":{"self":[{"href":"https:\/\/kasskoer.ee\/en\/wp-json\/wp\/v2\/product\/16202","targetHints":{"allow":["GET"]}}],"collection":[{"href":"https:\/\/kasskoer.ee\/en\/wp-json\/wp\/v2\/product"}],"about":[{"href":"https:\/\/kasskoer.ee\/en\/wp-json\/wp\/v2\/types\/product"}],"wp:featuredmedia":[{"embeddable":true,"href":"https:\/\/kasskoer.ee\/en\/wp-json\/wp\/v2\/media\/13200"}],"wp:attachment":[{"href":"https:\/\/kasskoer.ee\/en\/wp-json\/wp\/v2\/media?parent=16202"}],"wp:term":[{"taxonomy":"product_cat","embeddable":true,"href":"https:\/\/kasskoer.ee\/en\/wp-json\/wp\/v2\/product_cat?post=16202"},{"taxonomy":"product_tag","embeddable":true,"href":"https:\/\/kasskoer.ee\/en\/wp-json\/wp\/v2\/product_tag?post=16202"}],"curies":[{"name":"wp","href":"https:\/\/api.w.org\/{rel}","templated":true}]}}