{"id":16204,"date":"2026-04-20T03:15:00","date_gmt":"2026-04-20T00:15:00","guid":{"rendered":"https:\/\/kasskoer.ee\/product\/flamingo-kassi-manguasi-maiusepall-o-5-5cm-2\/"},"modified":"2026-04-20T03:15:02","modified_gmt":"2026-04-20T00:15:02","slug":"flamingo-kassi-manguasi-maiusepall-o-5-5cm","status":"publish","type":"product","link":"https:\/\/kasskoer.ee\/en\/toode\/flamingo-kassi-manguasi-maiusepall-o-5-5cm\/","title":{"rendered":"Flamingo kassi m\u00e4nguasi maiusepall  \u00f8 5.5cm"},"content":{"rendered":"<p>Flamingo kassi m\u00e4nguasi maiusepall.&#13;<\/p>\n<li>Palli saab soovi korral t\u00e4ita maiustega mis palli veeredes sealt eralduvad.<\/li>\n<p>&#13;<\/p>\n<li>Maiused ei kuulu komplekti.<\/li>\n","protected":false},"excerpt":{"rendered":"<p>Kassidele m\u00f5eldud m\u00e4ngupall, mille saab t\u00e4ita maiustega.<\/p>\n","protected":false},"featured_media":13204,"template":"","meta":[],"product_cat":[1321],"product_tag":[],"class_list":{"0":"post-16204","1":"product","2":"type-product","3":"status-publish","4":"has-post-thumbnail","6":"product_cat-kasside-manguasjad","7":"pa_brand-flamingo","8":"pa_ean-1432","9":"pa_kaal-0-040","10":"pa_tootjariik-hiina","12":"first","13":"instock","14":"taxable","15":"shipping-taxable","16":"purchasable","17":"product-type-simple"},"_links":{"self":[{"href":"https:\/\/kasskoer.ee\/en\/wp-json\/wp\/v2\/product\/16204","targetHints":{"allow":["GET"]}}],"collection":[{"href":"https:\/\/kasskoer.ee\/en\/wp-json\/wp\/v2\/product"}],"about":[{"href":"https:\/\/kasskoer.ee\/en\/wp-json\/wp\/v2\/types\/product"}],"wp:featuredmedia":[{"embeddable":true,"href":"https:\/\/kasskoer.ee\/en\/wp-json\/wp\/v2\/media\/13204"}],"wp:attachment":[{"href":"https:\/\/kasskoer.ee\/en\/wp-json\/wp\/v2\/media?parent=16204"}],"wp:term":[{"taxonomy":"product_cat","embeddable":true,"href":"https:\/\/kasskoer.ee\/en\/wp-json\/wp\/v2\/product_cat?post=16204"},{"taxonomy":"product_tag","embeddable":true,"href":"https:\/\/kasskoer.ee\/en\/wp-json\/wp\/v2\/product_tag?post=16204"}],"curies":[{"name":"wp","href":"https:\/\/api.w.org\/{rel}","templated":true}]}}