{"id":16207,"date":"2026-04-20T03:15:00","date_gmt":"2026-04-20T00:15:00","guid":{"rendered":"https:\/\/kasskoer.ee\/product\/flamingo-manguasi-kassile-hall-hiir-5cm-12tk-2\/"},"modified":"2026-04-20T03:15:02","modified_gmt":"2026-04-20T00:15:02","slug":"flamingo-manguasi-kassile-hall-hiir-5cm-12tk","status":"publish","type":"product","link":"https:\/\/kasskoer.ee\/en\/toode\/flamingo-manguasi-kassile-hall-hiir-5cm-12tk\/","title":{"rendered":"Flamingo m\u00e4nguasi kassile Hall hiir 5cm 12tk"},"content":{"rendered":"<p>Pakendis on 12 v\u00e4ikest halli hiirt, millel sees k\u00f5rin. K\u00f5rin t\u00f5mbab kassi t\u00e4helepanu ja muudab tema p\u00e4eva l\u00f5busaks.<br \/>&#13;<br \/>\nHiire pikkus 5cm, pakendis 12 t\u00fckki.<\/p>\n","protected":false},"excerpt":{"rendered":"<p>Flamingo pehmed k\u00f5risevad hallid hiired.<\/p>\n","protected":false},"featured_media":13206,"template":"","meta":[],"product_cat":[1321],"product_tag":[],"class_list":{"0":"post-16207","1":"product","2":"type-product","3":"status-publish","4":"has-post-thumbnail","6":"product_cat-kasside-manguasjad","7":"pa_brand-flamingo","8":"pa_ean-1231","9":"pa_kaal-0-050","10":"pa_tootjariik-hiina","12":"first","13":"outofstock","14":"taxable","15":"shipping-taxable","16":"purchasable","17":"product-type-simple"},"_links":{"self":[{"href":"https:\/\/kasskoer.ee\/en\/wp-json\/wp\/v2\/product\/16207","targetHints":{"allow":["GET"]}}],"collection":[{"href":"https:\/\/kasskoer.ee\/en\/wp-json\/wp\/v2\/product"}],"about":[{"href":"https:\/\/kasskoer.ee\/en\/wp-json\/wp\/v2\/types\/product"}],"wp:featuredmedia":[{"embeddable":true,"href":"https:\/\/kasskoer.ee\/en\/wp-json\/wp\/v2\/media\/13206"}],"wp:attachment":[{"href":"https:\/\/kasskoer.ee\/en\/wp-json\/wp\/v2\/media?parent=16207"}],"wp:term":[{"taxonomy":"product_cat","embeddable":true,"href":"https:\/\/kasskoer.ee\/en\/wp-json\/wp\/v2\/product_cat?post=16207"},{"taxonomy":"product_tag","embeddable":true,"href":"https:\/\/kasskoer.ee\/en\/wp-json\/wp\/v2\/product_tag?post=16207"}],"curies":[{"name":"wp","href":"https:\/\/api.w.org\/{rel}","templated":true}]}}