{"id":16209,"date":"2026-04-20T03:15:00","date_gmt":"2026-04-20T00:15:00","guid":{"rendered":"https:\/\/kasskoer.ee\/product\/flamingo-catnip-naistenoges-kotis-kassidele-15g-2\/"},"modified":"2026-04-20T03:15:02","modified_gmt":"2026-04-20T00:15:02","slug":"flamingo-catnip-naistenoges-kotis-kassidele-15g","status":"publish","type":"product","link":"https:\/\/kasskoer.ee\/en\/toode\/flamingo-catnip-naistenoges-kotis-kassidele-15g\/","title":{"rendered":"Flamingo Catnip naisten\u00f5ges kotis kassidele 15g"},"content":{"rendered":"<p>Naisten\u00f5ges muudab nii vanad kui uued m\u00e4nguasjad sinu kassi jaoks vastupandamatuks.<\/p>\n<p> <strong>Koostis<\/strong><br \/> 100% naturaalne naisten\u00f5ges<\/p>\n","protected":false},"excerpt":{"rendered":"<p>Flamingo naturaalne naisten\u00f5ges kassidele.<\/p>\n","protected":false},"featured_media":13210,"template":"","meta":[],"product_cat":[1216],"product_tag":[],"class_list":{"0":"post-16209","1":"product","2":"type-product","3":"status-publish","4":"has-post-thumbnail","6":"product_cat-kasside-tarvikud","7":"pa_brand-flamingo","8":"pa_ean-977","9":"pa_kaal-0-015","10":"pa_tootjariik-hiina","12":"first","13":"instock","14":"taxable","15":"shipping-taxable","16":"purchasable","17":"product-type-simple"},"_links":{"self":[{"href":"https:\/\/kasskoer.ee\/en\/wp-json\/wp\/v2\/product\/16209","targetHints":{"allow":["GET"]}}],"collection":[{"href":"https:\/\/kasskoer.ee\/en\/wp-json\/wp\/v2\/product"}],"about":[{"href":"https:\/\/kasskoer.ee\/en\/wp-json\/wp\/v2\/types\/product"}],"wp:featuredmedia":[{"embeddable":true,"href":"https:\/\/kasskoer.ee\/en\/wp-json\/wp\/v2\/media\/13210"}],"wp:attachment":[{"href":"https:\/\/kasskoer.ee\/en\/wp-json\/wp\/v2\/media?parent=16209"}],"wp:term":[{"taxonomy":"product_cat","embeddable":true,"href":"https:\/\/kasskoer.ee\/en\/wp-json\/wp\/v2\/product_cat?post=16209"},{"taxonomy":"product_tag","embeddable":true,"href":"https:\/\/kasskoer.ee\/en\/wp-json\/wp\/v2\/product_tag?post=16209"}],"curies":[{"name":"wp","href":"https:\/\/api.w.org\/{rel}","templated":true}]}}