{"id":16210,"date":"2026-04-20T03:15:00","date_gmt":"2026-04-20T00:15:00","guid":{"rendered":"https:\/\/kasskoer.ee\/product\/flamingo-tibo-circuit-roosa-manguasi-kassile-27x27x38cm-2\/"},"modified":"2026-04-20T03:15:02","modified_gmt":"2026-04-20T00:15:02","slug":"flamingo-tibo-circuit-roosa-manguasi-kassile-27x27x38cm","status":"publish","type":"product","link":"https:\/\/kasskoer.ee\/en\/toode\/flamingo-tibo-circuit-roosa-manguasi-kassile-27x27x38cm\/","title":{"rendered":"Flamingo Tibo Circuit roosa m\u00e4nguasi kassile 27x27x38cm"},"content":{"rendered":"<p><b>Flamingo jahivaistu ergutav m\u00e4nguasi.<\/b>&#13;<\/p>\n<li>L\u00f5bus pallirada kahe k\u00f5liseva palliga.<\/li>\n<p>&#13;<\/p>\n<li>Palliraja keskel ripub pulga otsas kummist paelaga pl\u00fc\u00fcsist m\u00e4nguasi.<\/li>\n<p>&#13;<\/p>\n<li>See m\u00e4ng pakub Teie kassile vaimset stimulatsiooni.<\/li>\n<p>&#13;<br \/>\n<br \/>&#13;<br \/>\n<b>M\u00f5\u00f5tmed<\/b><br \/>&#13;<br \/>\n27,5 x 27,5 x 38 cm<\/p>\n","protected":false},"excerpt":{"rendered":"<p>Flamingo stimuleeriv m\u00e4nguasi kassile.<\/p>\n","protected":false},"featured_media":13212,"template":"","meta":[],"product_cat":[1321],"product_tag":[],"class_list":{"0":"post-16210","1":"product","2":"type-product","3":"status-publish","4":"has-post-thumbnail","6":"product_cat-kasside-manguasjad","7":"pa_brand-flamingo","8":"pa_ean-2246","9":"pa_kaal-0-400","10":"pa_tootjariik-hiina","12":"first","13":"instock","14":"taxable","15":"shipping-taxable","16":"purchasable","17":"product-type-simple"},"_links":{"self":[{"href":"https:\/\/kasskoer.ee\/en\/wp-json\/wp\/v2\/product\/16210","targetHints":{"allow":["GET"]}}],"collection":[{"href":"https:\/\/kasskoer.ee\/en\/wp-json\/wp\/v2\/product"}],"about":[{"href":"https:\/\/kasskoer.ee\/en\/wp-json\/wp\/v2\/types\/product"}],"wp:featuredmedia":[{"embeddable":true,"href":"https:\/\/kasskoer.ee\/en\/wp-json\/wp\/v2\/media\/13212"}],"wp:attachment":[{"href":"https:\/\/kasskoer.ee\/en\/wp-json\/wp\/v2\/media?parent=16210"}],"wp:term":[{"taxonomy":"product_cat","embeddable":true,"href":"https:\/\/kasskoer.ee\/en\/wp-json\/wp\/v2\/product_cat?post=16210"},{"taxonomy":"product_tag","embeddable":true,"href":"https:\/\/kasskoer.ee\/en\/wp-json\/wp\/v2\/product_tag?post=16210"}],"curies":[{"name":"wp","href":"https:\/\/api.w.org\/{rel}","templated":true}]}}