{"id":16214,"date":"2026-04-20T03:15:00","date_gmt":"2026-04-20T00:15:00","guid":{"rendered":"https:\/\/kasskoer.ee\/product\/flamingo-ummargune-sinist-varvi-pallirada-21x21x55cm-2\/"},"modified":"2026-04-20T03:15:02","modified_gmt":"2026-04-20T00:15:02","slug":"flamingo-ummargune-sinist-varvi-pallirada-21x21x55cm","status":"publish","type":"product","link":"https:\/\/kasskoer.ee\/en\/toode\/flamingo-ummargune-sinist-varvi-pallirada-21x21x55cm\/","title":{"rendered":"Flamingo \u00fcmmargune sinist v\u00e4rvi pallirada 21x21x5,5cm"},"content":{"rendered":"<p><b>See m\u00e4nguasi hoiab Teie kassi aktiivsena.<\/b>&#13;<\/p>\n<li>M\u00e4nguasi pakub Teie kassile vaimset stimulatsiooni.<\/li>\n<p>&#13;<\/p>\n<li>Raja sees on v\u00e4ike k\u00f5lisev pall, mida kass saab k\u00e4paga liigutada.<\/li>\n<p>&#13;<\/p>\n<li>T\u00e4nu libisemiskindlatele kummijalgadele ei teki p\u00f5randale kriimustusi.<\/li>\n<p>&#13;<br \/>\n<br \/>&#13;<br \/>\n<b>M\u00f5\u00f5tmed<\/b><br \/>&#13;<br \/>\n21 x 21 x 5,5cm<\/p>\n","protected":false},"excerpt":{"rendered":"<p>Flamingo l\u00f5bus sinine pallirada k\u00f5liseva palliga.<\/p>\n","protected":false},"featured_media":13216,"template":"","meta":[],"product_cat":[1321],"product_tag":[],"class_list":{"0":"post-16214","1":"product","2":"type-product","3":"status-publish","4":"has-post-thumbnail","6":"product_cat-kasside-manguasjad","7":"pa_brand-flamingo","8":"pa_ean-2361","9":"pa_kaal-0-100","10":"pa_tootjariik-hiina","12":"first","13":"outofstock","14":"taxable","15":"shipping-taxable","16":"purchasable","17":"product-type-simple"},"_links":{"self":[{"href":"https:\/\/kasskoer.ee\/en\/wp-json\/wp\/v2\/product\/16214","targetHints":{"allow":["GET"]}}],"collection":[{"href":"https:\/\/kasskoer.ee\/en\/wp-json\/wp\/v2\/product"}],"about":[{"href":"https:\/\/kasskoer.ee\/en\/wp-json\/wp\/v2\/types\/product"}],"wp:featuredmedia":[{"embeddable":true,"href":"https:\/\/kasskoer.ee\/en\/wp-json\/wp\/v2\/media\/13216"}],"wp:attachment":[{"href":"https:\/\/kasskoer.ee\/en\/wp-json\/wp\/v2\/media?parent=16214"}],"wp:term":[{"taxonomy":"product_cat","embeddable":true,"href":"https:\/\/kasskoer.ee\/en\/wp-json\/wp\/v2\/product_cat?post=16214"},{"taxonomy":"product_tag","embeddable":true,"href":"https:\/\/kasskoer.ee\/en\/wp-json\/wp\/v2\/product_tag?post=16214"}],"curies":[{"name":"wp","href":"https:\/\/api.w.org\/{rel}","templated":true}]}}