{"id":16219,"date":"2026-04-20T03:15:00","date_gmt":"2026-04-20T00:15:00","guid":{"rendered":"https:\/\/kasskoer.ee\/product\/flamingo-kassi-elektrooniline-manguasi-o-7cm-2\/"},"modified":"2026-04-20T03:15:02","modified_gmt":"2026-04-20T00:15:02","slug":"flamingo-kassi-elektrooniline-manguasi-o-7cm","status":"publish","type":"product","link":"https:\/\/kasskoer.ee\/en\/toode\/flamingo-kassi-elektrooniline-manguasi-o-7cm\/","title":{"rendered":"Flamingo kassi elektrooniline m\u00e4nguasi \u00f8 7cm"},"content":{"rendered":"<p>Kassid armastavad liikuvaid m\u00e4nguasju, sellep\u00e4rast ongi see automaatselt veerev pall suurep\u00e4rane meelelahutus sinu kassile. <\/p>\n<ul>\n<li>Kaasas magnetiga kinnitatavad sulekesed ning v\u00e4rvilised narmad&nbsp;kellukesega .<\/li>\n<li>USB-ga taaslaetav (pakend sisaldab kaablit).<\/li>\n<li>Tehtud keskkonnas\u00f5bralikust plastikust.<\/li>\n<li>2 tunnise laadimisega saab 1,5-2 tundi m\u00e4nguaega.<\/li>\n<\/ul>\n","protected":false},"excerpt":{"rendered":"<p>Flamingo automaatselt veerev pall LED-tuledega.<\/p>\n","protected":false},"featured_media":13220,"template":"","meta":[],"product_cat":[1321],"product_tag":[],"class_list":{"0":"post-16219","1":"product","2":"type-product","3":"status-publish","4":"has-post-thumbnail","6":"product_cat-kasside-manguasjad","7":"pa_brand-flamingo","8":"pa_ean-899","9":"pa_kaal-0-220","10":"pa_tootjariik-hiina","12":"first","13":"instock","14":"taxable","15":"shipping-taxable","16":"purchasable","17":"product-type-simple"},"_links":{"self":[{"href":"https:\/\/kasskoer.ee\/en\/wp-json\/wp\/v2\/product\/16219","targetHints":{"allow":["GET"]}}],"collection":[{"href":"https:\/\/kasskoer.ee\/en\/wp-json\/wp\/v2\/product"}],"about":[{"href":"https:\/\/kasskoer.ee\/en\/wp-json\/wp\/v2\/types\/product"}],"wp:featuredmedia":[{"embeddable":true,"href":"https:\/\/kasskoer.ee\/en\/wp-json\/wp\/v2\/media\/13220"}],"wp:attachment":[{"href":"https:\/\/kasskoer.ee\/en\/wp-json\/wp\/v2\/media?parent=16219"}],"wp:term":[{"taxonomy":"product_cat","embeddable":true,"href":"https:\/\/kasskoer.ee\/en\/wp-json\/wp\/v2\/product_cat?post=16219"},{"taxonomy":"product_tag","embeddable":true,"href":"https:\/\/kasskoer.ee\/en\/wp-json\/wp\/v2\/product_tag?post=16219"}],"curies":[{"name":"wp","href":"https:\/\/api.w.org\/{rel}","templated":true}]}}