{"id":16222,"date":"2026-04-20T03:15:00","date_gmt":"2026-04-20T00:15:00","guid":{"rendered":"https:\/\/kasskoer.ee\/product\/flamingo-elektrooniline-pall-kassile-o-64cm-2\/"},"modified":"2026-04-20T03:15:02","modified_gmt":"2026-04-20T00:15:02","slug":"flamingo-elektrooniline-pall-kassile-o-64cm","status":"publish","type":"product","link":"https:\/\/kasskoer.ee\/en\/toode\/flamingo-elektrooniline-pall-kassile-o-64cm\/","title":{"rendered":"Flamingo elektrooniline pall kassile \u00f8 6,4cm"},"content":{"rendered":"<p>Suurep\u00e4rane lelu igavlevale kassile: <\/p>\n<ul>\n<li>Pallil hakkab kassi puudutuse peale&nbsp;p\u00f5lema LED tulukene koos hiire h\u00e4\u00e4lega, mis kestab 12 sekundit.&nbsp;<\/li>\n<li>Pallil on olemas sisse\/v\u00e4lja l\u00fclitus nupp.<\/li>\n<li>Pallil on sees ka kellukene, mis muudab selle v\u00e4ga mitmek\u00fclgeks m\u00e4nguasjaks.<\/li>\n<\/ul>\n<p> M\u00e4nguasi t\u00f6\u00f6tab 3x LR41 patareiga (kaasas).<br \/> M\u00e4nguasjaga kaasas v\u00e4ike kruvikeeraja, mis on vajalik patareide vahetamiseks.<\/p>\n","protected":false},"excerpt":{"rendered":"<p>Flamingo LED-tulega ning hiire h\u00e4\u00e4lt imiteeriva h\u00e4\u00e4lega pall.<\/p>\n","protected":false},"featured_media":13222,"template":"","meta":[],"product_cat":[1321],"product_tag":[],"class_list":{"0":"post-16222","1":"product","2":"type-product","3":"status-publish","4":"has-post-thumbnail","6":"product_cat-kasside-manguasjad","7":"pa_brand-flamingo","8":"pa_ean-900","9":"pa_kaal-0-070","10":"pa_tootjariik-hiina","12":"first","13":"instock","14":"taxable","15":"shipping-taxable","16":"purchasable","17":"product-type-simple"},"_links":{"self":[{"href":"https:\/\/kasskoer.ee\/en\/wp-json\/wp\/v2\/product\/16222","targetHints":{"allow":["GET"]}}],"collection":[{"href":"https:\/\/kasskoer.ee\/en\/wp-json\/wp\/v2\/product"}],"about":[{"href":"https:\/\/kasskoer.ee\/en\/wp-json\/wp\/v2\/types\/product"}],"wp:featuredmedia":[{"embeddable":true,"href":"https:\/\/kasskoer.ee\/en\/wp-json\/wp\/v2\/media\/13222"}],"wp:attachment":[{"href":"https:\/\/kasskoer.ee\/en\/wp-json\/wp\/v2\/media?parent=16222"}],"wp:term":[{"taxonomy":"product_cat","embeddable":true,"href":"https:\/\/kasskoer.ee\/en\/wp-json\/wp\/v2\/product_cat?post=16222"},{"taxonomy":"product_tag","embeddable":true,"href":"https:\/\/kasskoer.ee\/en\/wp-json\/wp\/v2\/product_tag?post=16222"}],"curies":[{"name":"wp","href":"https:\/\/api.w.org\/{rel}","templated":true}]}}