{"id":16228,"date":"2026-04-20T03:15:00","date_gmt":"2026-04-20T00:15:00","guid":{"rendered":"https:\/\/kasskoer.ee\/product\/flamingo-vahtkummist-pallid-kassile-4tk-2\/"},"modified":"2026-04-20T03:15:02","modified_gmt":"2026-04-20T00:15:02","slug":"flamingo-vahtkummist-pallid-kassile-4tk","status":"publish","type":"product","link":"https:\/\/kasskoer.ee\/en\/toode\/flamingo-vahtkummist-pallid-kassile-4tk\/","title":{"rendered":"Flamingo vahtkummist pallid kassile 4tk"},"content":{"rendered":"<li>Pakis on 4 palli &#8211; kollane, roosa, sinine ja roheline.<\/li>\n<p>&#13;<\/p>\n<li>Pallid teevad m\u00e4ngimisel k\u00f5risevat h\u00e4\u00e4lt.<\/li>\n<p>&#13;<\/p>\n<li>Palli \u00fcmberm\u00f5\u00f5t \u00f8 4cm.<\/li>\n","protected":false},"excerpt":{"rendered":"<p>Flamingo v\u00e4rvilised vahtkummist pallid.<\/p>\n","protected":false},"featured_media":13226,"template":"","meta":[],"product_cat":[1321],"product_tag":[],"class_list":{"0":"post-16228","1":"product","2":"type-product","3":"status-publish","4":"has-post-thumbnail","6":"product_cat-kasside-manguasjad","7":"pa_brand-flamingo","8":"pa_ean-2333","9":"pa_kaal-0-010","10":"pa_tootjariik-hiina","12":"first","13":"instock","14":"taxable","15":"shipping-taxable","16":"purchasable","17":"product-type-simple"},"_links":{"self":[{"href":"https:\/\/kasskoer.ee\/en\/wp-json\/wp\/v2\/product\/16228","targetHints":{"allow":["GET"]}}],"collection":[{"href":"https:\/\/kasskoer.ee\/en\/wp-json\/wp\/v2\/product"}],"about":[{"href":"https:\/\/kasskoer.ee\/en\/wp-json\/wp\/v2\/types\/product"}],"wp:featuredmedia":[{"embeddable":true,"href":"https:\/\/kasskoer.ee\/en\/wp-json\/wp\/v2\/media\/13226"}],"wp:attachment":[{"href":"https:\/\/kasskoer.ee\/en\/wp-json\/wp\/v2\/media?parent=16228"}],"wp:term":[{"taxonomy":"product_cat","embeddable":true,"href":"https:\/\/kasskoer.ee\/en\/wp-json\/wp\/v2\/product_cat?post=16228"},{"taxonomy":"product_tag","embeddable":true,"href":"https:\/\/kasskoer.ee\/en\/wp-json\/wp\/v2\/product_tag?post=16228"}],"curies":[{"name":"wp","href":"https:\/\/api.w.org\/{rel}","templated":true}]}}