{"id":16230,"date":"2026-04-20T03:15:00","date_gmt":"2026-04-20T00:15:00","guid":{"rendered":"https:\/\/kasskoer.ee\/product\/flamingo-manguasi-kassile-jalgpall-2tk-2\/"},"modified":"2026-04-20T03:15:02","modified_gmt":"2026-04-20T00:15:02","slug":"flamingo-manguasi-kassile-jalgpall-2tk","status":"publish","type":"product","link":"https:\/\/kasskoer.ee\/en\/toode\/flamingo-manguasi-kassile-jalgpall-2tk\/","title":{"rendered":"Flamingo m\u00e4nguasi kassile Jalgpall 2tk"},"content":{"rendered":"<p>Pakendis on 2 erinevat v\u00e4rvi palli, mis on pehmed, kuid vastupidavad. Suurep\u00e4rane vaikne meelelahutus sinu kassile.<br \/>&#13;<br \/>\n<br \/>&#13;<br \/>\nPalli m\u00f5\u00f5tmed: \u00f8 4cm.<\/p>\n","protected":false},"excerpt":{"rendered":"<p>Flamingo erinevat v\u00e4rvi pehmed pallid kassile.<\/p>\n","protected":false},"featured_media":13228,"template":"","meta":[],"product_cat":[1321],"product_tag":[],"class_list":{"0":"post-16230","1":"product","2":"type-product","3":"status-publish","4":"has-post-thumbnail","6":"product_cat-kasside-manguasjad","7":"pa_brand-flamingo","8":"pa_ean-1348","9":"pa_kaal-0-100","10":"pa_tootjariik-hiina","12":"first","13":"instock","14":"taxable","15":"shipping-taxable","16":"purchasable","17":"product-type-simple"},"_links":{"self":[{"href":"https:\/\/kasskoer.ee\/en\/wp-json\/wp\/v2\/product\/16230","targetHints":{"allow":["GET"]}}],"collection":[{"href":"https:\/\/kasskoer.ee\/en\/wp-json\/wp\/v2\/product"}],"about":[{"href":"https:\/\/kasskoer.ee\/en\/wp-json\/wp\/v2\/types\/product"}],"wp:featuredmedia":[{"embeddable":true,"href":"https:\/\/kasskoer.ee\/en\/wp-json\/wp\/v2\/media\/13228"}],"wp:attachment":[{"href":"https:\/\/kasskoer.ee\/en\/wp-json\/wp\/v2\/media?parent=16230"}],"wp:term":[{"taxonomy":"product_cat","embeddable":true,"href":"https:\/\/kasskoer.ee\/en\/wp-json\/wp\/v2\/product_cat?post=16230"},{"taxonomy":"product_tag","embeddable":true,"href":"https:\/\/kasskoer.ee\/en\/wp-json\/wp\/v2\/product_tag?post=16230"}],"curies":[{"name":"wp","href":"https:\/\/api.w.org\/{rel}","templated":true}]}}