{"id":16235,"date":"2026-04-20T03:15:00","date_gmt":"2026-04-20T00:15:00","guid":{"rendered":"https:\/\/kasskoer.ee\/product\/flamingo-kassi-manguasi-korisev-pall-boa-sabaga-2\/"},"modified":"2026-04-20T03:15:03","modified_gmt":"2026-04-20T00:15:03","slug":"flamingo-kassi-manguasi-korisev-pall-boa-sabaga","status":"publish","type":"product","link":"https:\/\/kasskoer.ee\/en\/toode\/flamingo-kassi-manguasi-korisev-pall-boa-sabaga\/","title":{"rendered":"Flamingo kassi m\u00e4nguasi k\u00f5risev pall boa sabaga"},"content":{"rendered":"<p>Flamingo kassi m\u00e4nguasi k\u00f5risev pall boa sabaga.&#13;<\/p>\n<li>Valmistatud mittetoksilisest materjalist. <\/li>\n<p>&#13;<br \/>\n<br \/>&#13;<br \/>\n<b>M\u00f5\u00f5dud<\/b><br \/>&#13;<br \/>\nPall: \u00f8 5cm<br \/>&#13;<br \/>\nSaba: 33cm<\/p>\n","protected":false},"excerpt":{"rendered":"<p>Flamingo kassi m\u00e4nguasi k\u00f5risev pall pehme boa sabaga, mille otsas on linnu sulg.<\/p>\n","protected":false},"featured_media":13232,"template":"","meta":[],"product_cat":[1321],"product_tag":[],"class_list":{"0":"post-16235","1":"product","2":"type-product","3":"status-publish","4":"has-post-thumbnail","6":"product_cat-kasside-manguasjad","7":"pa_brand-flamingo","8":"pa_ean-1434","9":"pa_kaal-0-030","10":"pa_tootjariik-hiina","12":"first","13":"instock","14":"taxable","15":"shipping-taxable","16":"purchasable","17":"product-type-simple"},"_links":{"self":[{"href":"https:\/\/kasskoer.ee\/en\/wp-json\/wp\/v2\/product\/16235","targetHints":{"allow":["GET"]}}],"collection":[{"href":"https:\/\/kasskoer.ee\/en\/wp-json\/wp\/v2\/product"}],"about":[{"href":"https:\/\/kasskoer.ee\/en\/wp-json\/wp\/v2\/types\/product"}],"wp:featuredmedia":[{"embeddable":true,"href":"https:\/\/kasskoer.ee\/en\/wp-json\/wp\/v2\/media\/13232"}],"wp:attachment":[{"href":"https:\/\/kasskoer.ee\/en\/wp-json\/wp\/v2\/media?parent=16235"}],"wp:term":[{"taxonomy":"product_cat","embeddable":true,"href":"https:\/\/kasskoer.ee\/en\/wp-json\/wp\/v2\/product_cat?post=16235"},{"taxonomy":"product_tag","embeddable":true,"href":"https:\/\/kasskoer.ee\/en\/wp-json\/wp\/v2\/product_tag?post=16235"}],"curies":[{"name":"wp","href":"https:\/\/api.w.org\/{rel}","templated":true}]}}