{"id":16237,"date":"2026-04-20T03:15:00","date_gmt":"2026-04-20T00:15:00","guid":{"rendered":"https:\/\/kasskoer.ee\/product\/flamingo-koiest-pruun-pall-koristi-ja-sulgedega-16cm-2\/"},"modified":"2026-04-20T03:15:03","modified_gmt":"2026-04-20T00:15:03","slug":"flamingo-koiest-pruun-pall-koristi-ja-sulgedega-16cm","status":"publish","type":"product","link":"https:\/\/kasskoer.ee\/en\/toode\/flamingo-koiest-pruun-pall-koristi-ja-sulgedega-16cm\/","title":{"rendered":"Flamingo k\u00f6iest pruun pall k\u00f5risti ja sulgedega 16cm"},"content":{"rendered":"<p>K\u00f6iest sulgedega pall k\u00f5riseb seda liigutades ja on m\u00f5nusaks ajaviiteks kassile.<\/p>\n","protected":false},"excerpt":{"rendered":"<p>Flamingo k\u00f6iest sulgede ja k\u00f5ristiga pall.<\/p>\n","protected":false},"featured_media":13234,"template":"","meta":[],"product_cat":[1321],"product_tag":[],"class_list":{"0":"post-16237","1":"product","2":"type-product","3":"status-publish","4":"has-post-thumbnail","6":"product_cat-kasside-manguasjad","7":"pa_brand-flamingo","8":"pa_ean-2334","9":"pa_kaal-0-010","10":"pa_tootjariik-hiina","12":"first","13":"instock","14":"taxable","15":"shipping-taxable","16":"purchasable","17":"product-type-simple"},"_links":{"self":[{"href":"https:\/\/kasskoer.ee\/en\/wp-json\/wp\/v2\/product\/16237","targetHints":{"allow":["GET"]}}],"collection":[{"href":"https:\/\/kasskoer.ee\/en\/wp-json\/wp\/v2\/product"}],"about":[{"href":"https:\/\/kasskoer.ee\/en\/wp-json\/wp\/v2\/types\/product"}],"wp:featuredmedia":[{"embeddable":true,"href":"https:\/\/kasskoer.ee\/en\/wp-json\/wp\/v2\/media\/13234"}],"wp:attachment":[{"href":"https:\/\/kasskoer.ee\/en\/wp-json\/wp\/v2\/media?parent=16237"}],"wp:term":[{"taxonomy":"product_cat","embeddable":true,"href":"https:\/\/kasskoer.ee\/en\/wp-json\/wp\/v2\/product_cat?post=16237"},{"taxonomy":"product_tag","embeddable":true,"href":"https:\/\/kasskoer.ee\/en\/wp-json\/wp\/v2\/product_tag?post=16237"}],"curies":[{"name":"wp","href":"https:\/\/api.w.org\/{rel}","templated":true}]}}