{"id":16240,"date":"2026-04-20T03:15:00","date_gmt":"2026-04-20T00:15:00","guid":{"rendered":"https:\/\/kasskoer.ee\/product\/flamingo-manguhiir-naistenogesega-2tk-2\/"},"modified":"2026-04-20T03:15:03","modified_gmt":"2026-04-20T00:15:03","slug":"flamingo-manguhiir-naistenogesega-2tk","status":"publish","type":"product","link":"https:\/\/kasskoer.ee\/en\/toode\/flamingo-manguhiir-naistenogesega-2tk\/","title":{"rendered":"Flamingo m\u00e4nguhiir naisten\u00f5gesega 2tk"},"content":{"rendered":"<p>Pakis kaks pehmet pl\u00fc\u00fcsist m\u00e4nguhiirt hall ja valge. Hiired sisaldavad naisten\u00f5gest.<br \/>&#13;<br \/>\n&#13;<br \/>\n<br \/><b>M\u00f5\u00f5dud<\/b><br \/> 5 x 2 x 2,5cm<\/p>\n","protected":false},"excerpt":{"rendered":"<p>Flamingo pl\u00fc\u00fcsist pehmed m\u00e4nguhiired naisten\u00f5gesega.<\/p>\n","protected":false},"featured_media":13236,"template":"","meta":[],"product_cat":[1321],"product_tag":[],"class_list":{"0":"post-16240","1":"product","2":"type-product","3":"status-publish","4":"has-post-thumbnail","6":"product_cat-kasside-manguasjad","7":"pa_brand-flamingo","8":"pa_ean-2335","9":"pa_kaal-0-010","10":"pa_tootjariik-hiina","12":"first","13":"outofstock","14":"taxable","15":"shipping-taxable","16":"purchasable","17":"product-type-simple"},"_links":{"self":[{"href":"https:\/\/kasskoer.ee\/en\/wp-json\/wp\/v2\/product\/16240","targetHints":{"allow":["GET"]}}],"collection":[{"href":"https:\/\/kasskoer.ee\/en\/wp-json\/wp\/v2\/product"}],"about":[{"href":"https:\/\/kasskoer.ee\/en\/wp-json\/wp\/v2\/types\/product"}],"wp:featuredmedia":[{"embeddable":true,"href":"https:\/\/kasskoer.ee\/en\/wp-json\/wp\/v2\/media\/13236"}],"wp:attachment":[{"href":"https:\/\/kasskoer.ee\/en\/wp-json\/wp\/v2\/media?parent=16240"}],"wp:term":[{"taxonomy":"product_cat","embeddable":true,"href":"https:\/\/kasskoer.ee\/en\/wp-json\/wp\/v2\/product_cat?post=16240"},{"taxonomy":"product_tag","embeddable":true,"href":"https:\/\/kasskoer.ee\/en\/wp-json\/wp\/v2\/product_tag?post=16240"}],"curies":[{"name":"wp","href":"https:\/\/api.w.org\/{rel}","templated":true}]}}